{"id":20,"date":"2022-03-02T04:03:50","date_gmt":"2022-03-02T03:03:50","guid":{"rendered":"https:\/\/demo.ovatheme.com\/infetech\/?page_id=20"},"modified":"2023-07-05T19:00:48","modified_gmt":"2023-07-05T17:00:48","slug":"services","status":"publish","type":"page","link":"https:\/\/testplateformebj.com\/cecitu\/services\/","title":{"rendered":"Services"},"content":{"rendered":"\t\t<div data-elementor-type=\"wp-page\" data-elementor-id=\"20\" class=\"elementor elementor-20\">\n\t\t\t\t\t\t\t\t\t<section class=\"elementor-section elementor-top-section elementor-element elementor-element-af3846f elementor-section-boxed elementor-section-height-default elementor-section-height-default wpr-particle-no wpr-jarallax-no wpr-parallax-no wpr-sticky-section-no\" data-id=\"af3846f\" data-element_type=\"section\" data-settings=\"{&quot;_ha_eqh_enable&quot;:false}\">\n\t\t\t\t\t\t<div class=\"elementor-container elementor-column-gap-default\">\n\t\t\t\t\t<div class=\"elementor-column elementor-col-50 elementor-top-column elementor-element elementor-element-887a675 animated-fast elementor-invisible\" data-id=\"887a675\" data-element_type=\"column\" data-settings=\"{&quot;animation&quot;:&quot;ova-move-up&quot;,&quot;animation_tablet&quot;:&quot;none&quot;,&quot;animation_delay&quot;:300}\">\n\t\t\t<div class=\"elementor-widget-wrap elementor-element-populated\">\n\t\t\t\t\t\t\t\t<div class=\"elementor-element elementor-element-c81ace2 elementor-widget elementor-widget-infetech_elementor_service_2\" data-id=\"c81ace2\" data-element_type=\"widget\" data-widget_type=\"infetech_elementor_service_2.default\">\n\t\t\t\t<div class=\"elementor-widget-container\">\n\t\t\t\n\t\t \t\n\t\t \t    <div class=\"ova-service-2 ova-service-2-template2\">\n                \n\t\t \t    \t<div class=\"square\"><\/div>\n\n\t\t            \t\t\t            \t\t\t\t\t\t\t<h4 class=\"title\">\n\t\t\t\t\t\t\t\tInformation et conseil\t\t\t\t\t\t\t<\/h4>\n\t\t\t\t\t\t\t\t\t\t\t\n\t\t            \t\t\t\t\t\t<p class=\"description\">\n\t\t\t\t\t\t\tLa CECITU fournit des informations commerciales et \u00e9conomiques cl\u00e9s sur les march\u00e9s turcs et de l&#039;UEMOA, y compris les opportunit\u00e9s d&#039;investissement, les r\u00e9glementations commerciales, les politiques gouvernementales, l\u2019import\/export etc. Elle offre \u00e9galement des conseils et des orientations aux entreprises membres sur les meilleures pratiques commerciales et les strat\u00e9gies de d\u00e9veloppement.\t\t\t\t\t\t<\/p>\n\t\t\t\t\t\n\t\t\t\t\t\t\t            \t<span class=\"text_number\">\n\t\t            \t\t01\t\t            \t<\/span>\n\t\t            \n\t\t            <div class=\"triangle-topleft-1\"><\/div>\n\t\t\t    \t<div class=\"triangle-topleft-2\"><\/div>\n\t\t     \n\t\t\t    <\/div>\n\n\t\t\t\n\t\t\t\t<\/div>\n\t\t\t\t<\/div>\n\t\t\t\t\t<\/div>\n\t\t<\/div>\n\t\t\t\t<div class=\"elementor-column elementor-col-50 elementor-top-column elementor-element elementor-element-a10ccbc animated-fast elementor-invisible\" data-id=\"a10ccbc\" data-element_type=\"column\" data-settings=\"{&quot;animation&quot;:&quot;ova-move-up&quot;,&quot;animation_tablet&quot;:&quot;none&quot;,&quot;animation_delay&quot;:300}\">\n\t\t\t<div class=\"elementor-widget-wrap elementor-element-populated\">\n\t\t\t\t\t\t\t\t<div class=\"elementor-element elementor-element-2722d05 elementor-widget elementor-widget-infetech_elementor_service_2\" data-id=\"2722d05\" data-element_type=\"widget\" data-widget_type=\"infetech_elementor_service_2.default\">\n\t\t\t\t<div class=\"elementor-widget-container\">\n\t\t\t\n\t\t \t\n\t\t \t    <div class=\"ova-service-2 ova-service-2-template2\">\n                \n\t\t \t    \t<div class=\"square\"><\/div>\n\n\t\t            \t\t\t            \t\t\t\t\t\t\t<h4 class=\"title\">\n\t\t\t\t\t\t\t\tServices de soutien aux entreprises\t\t\t\t\t\t\t<\/h4>\n\t\t\t\t\t\t\t\t\t\t\t\n\t\t            \t\t\t\t\t\t<p class=\"description\">\n\t\t\t\t\t\t\tLa CHAMBRE Turquo-UEMOA de Commerce et d&#039;Industrie offre une gamme compl\u00e8te de services de soutien aux entreprises pour stimuler leur croissance et favoriser leur succ\u00e8s. Nous comprenons les d\u00e9fis auxquels les entreprises sont confront\u00e9es et nous nous engageons \u00e0 les aider \u00e0 les surmonter en leur fournissant des ressources et des conseils de qualit\u00e9.\n\t\t\t\t\t\t<\/p>\n\t\t\t\t\t\n\t\t\t\t\t\t\t            \t<span class=\"text_number\">\n\t\t            \t\t02\t\t            \t<\/span>\n\t\t            \n\t\t            <div class=\"triangle-topleft-1\"><\/div>\n\t\t\t    \t<div class=\"triangle-topleft-2\"><\/div>\n\t\t     \n\t\t\t    <\/div>\n\n\t\t\t\n\t\t\t\t<\/div>\n\t\t\t\t<\/div>\n\t\t\t\t\t<\/div>\n\t\t<\/div>\n\t\t\t\t\t\t\t<\/div>\n\t\t<\/section>\n\t\t\t\t<section class=\"elementor-section elementor-top-section elementor-element elementor-element-544551d elementor-section-boxed elementor-section-height-default elementor-section-height-default wpr-particle-no wpr-jarallax-no wpr-parallax-no wpr-sticky-section-no\" data-id=\"544551d\" data-element_type=\"section\" data-settings=\"{&quot;_ha_eqh_enable&quot;:false}\">\n\t\t\t\t\t\t<div class=\"elementor-container elementor-column-gap-default\">\n\t\t\t\t\t<div class=\"elementor-column elementor-col-50 elementor-top-column elementor-element elementor-element-b2692d3 animated-fast elementor-invisible\" data-id=\"b2692d3\" data-element_type=\"column\" data-settings=\"{&quot;animation&quot;:&quot;ova-move-up&quot;,&quot;animation_tablet&quot;:&quot;none&quot;,&quot;animation_delay&quot;:350}\">\n\t\t\t<div class=\"elementor-widget-wrap elementor-element-populated\">\n\t\t\t\t\t\t\t\t<div class=\"elementor-element elementor-element-8044b9d elementor-widget elementor-widget-infetech_elementor_service_2\" data-id=\"8044b9d\" data-element_type=\"widget\" data-widget_type=\"infetech_elementor_service_2.default\">\n\t\t\t\t<div class=\"elementor-widget-container\">\n\t\t\t\n\t\t \t\n\t\t \t    <div class=\"ova-service-2 ova-service-2-template2\">\n                \n\t\t \t    \t<div class=\"square\"><\/div>\n\n\t\t            \t\t\t            \t\t\t\t\t\t\t<h4 class=\"title\">\n\t\t\t\t\t\t\t\tAcc\u00e8s aux financements \t\t\t\t\t\t\t<\/h4>\n\t\t\t\t\t\t\t\t\t\t\t\n\t\t            \t\t\t\t\t\t<p class=\"description\">\n\t\t\t\t\t\t\tLa chambre facilite l&#039;acc\u00e8s aux financements en aidant les entreprises membres \u00e0 identifier des sources de financement appropri\u00e9es, \u00e0 pr\u00e9parer des demandes de financement et \u00e0 \u00e9tablir des partenariats financiers. Elle peut \u00e9galement faciliter les contacts avec des institutions financi\u00e8res et des investisseurs int\u00e9ress\u00e9s par les projets des membres.\t\t\t\t\t\t<\/p>\n\t\t\t\t\t\n\t\t\t\t\t\t\t            \t<span class=\"text_number\">\n\t\t            \t\t03\t\t            \t<\/span>\n\t\t            \n\t\t            <div class=\"triangle-topleft-1\"><\/div>\n\t\t\t    \t<div class=\"triangle-topleft-2\"><\/div>\n\t\t     \n\t\t\t    <\/div>\n\n\t\t\t\n\t\t\t\t<\/div>\n\t\t\t\t<\/div>\n\t\t\t\t\t<\/div>\n\t\t<\/div>\n\t\t\t\t<div class=\"elementor-column elementor-col-50 elementor-top-column elementor-element elementor-element-06c36ef animated-fast elementor-invisible\" data-id=\"06c36ef\" data-element_type=\"column\" data-settings=\"{&quot;animation&quot;:&quot;ova-move-up&quot;,&quot;animation_tablet&quot;:&quot;none&quot;,&quot;animation_delay&quot;:350}\">\n\t\t\t<div class=\"elementor-widget-wrap elementor-element-populated\">\n\t\t\t\t\t\t\t\t<div class=\"elementor-element elementor-element-10758a2 elementor-widget elementor-widget-infetech_elementor_service_2\" data-id=\"10758a2\" data-element_type=\"widget\" data-widget_type=\"infetech_elementor_service_2.default\">\n\t\t\t\t<div class=\"elementor-widget-container\">\n\t\t\t\n\t\t \t\n\t\t \t    <div class=\"ova-service-2 ova-service-2-template2\">\n                \n\t\t \t    \t<div class=\"square\"><\/div>\n\n\t\t            \t\t\t            \t\t\t\t\t\t\t<h4 class=\"title\">\n\t\t\t\t\t\t\t\tRepr\u00e9sentation et plaidoyer\t\t\t\t\t\t\t<\/h4>\n\t\t\t\t\t\t\t\t\t\t\t\n\t\t            \t\t\t\t\t\t<p class=\"description\">\n\t\t\t\t\t\t\tLa CECITU repr\u00e9sente les int\u00e9r\u00eats des entreprises membres aupr\u00e8s des autorit\u00e9s gouvernementales, des organisations r\u00e9gionales et des partenaires commerciaux. Elle fait entendre la voix des membres dans les discussions politiques et \u00e9conomiques, et plaide en faveur de politiques favorables au d\u00e9veloppement des entreprises turco-UEMOA.\t\t\t\t\t\t<\/p>\n\t\t\t\t\t\n\t\t\t\t\t\t\t            \t<span class=\"text_number\">\n\t\t            \t\t04\t\t            \t<\/span>\n\t\t            \n\t\t            <div class=\"triangle-topleft-1\"><\/div>\n\t\t\t    \t<div class=\"triangle-topleft-2\"><\/div>\n\t\t     \n\t\t\t    <\/div>\n\n\t\t\t\n\t\t\t\t<\/div>\n\t\t\t\t<\/div>\n\t\t\t\t\t<\/div>\n\t\t<\/div>\n\t\t\t\t\t\t\t<\/div>\n\t\t<\/section>\n\t\t\t\t<section class=\"elementor-section elementor-top-section elementor-element elementor-element-747a5e5 elementor-section-boxed elementor-section-height-default elementor-section-height-default wpr-particle-no wpr-jarallax-no wpr-parallax-no wpr-sticky-section-no\" data-id=\"747a5e5\" data-element_type=\"section\" data-settings=\"{&quot;_ha_eqh_enable&quot;:false}\">\n\t\t\t\t\t\t<div class=\"elementor-container elementor-column-gap-default\">\n\t\t\t\t\t<div class=\"elementor-column elementor-col-100 elementor-top-column elementor-element elementor-element-65f4746 animated-fast elementor-invisible\" data-id=\"65f4746\" data-element_type=\"column\" data-settings=\"{&quot;animation&quot;:&quot;ova-move-up&quot;,&quot;animation_tablet&quot;:&quot;none&quot;,&quot;animation_delay&quot;:300}\">\n\t\t\t<div class=\"elementor-widget-wrap elementor-element-populated\">\n\t\t\t\t\t\t\t\t<div class=\"elementor-element elementor-element-fbeed7d elementor-widget elementor-widget-infetech_elementor_service_2\" data-id=\"fbeed7d\" data-element_type=\"widget\" data-widget_type=\"infetech_elementor_service_2.default\">\n\t\t\t\t<div class=\"elementor-widget-container\">\n\t\t\t\n\t\t \t\n\t\t \t    <div class=\"ova-service-2 ova-service-2-template2\">\n                \n\t\t \t    \t<div class=\"square\"><\/div>\n\n\t\t            \t\t\t            \t\t\t\t\t\t\t<h4 class=\"title\">\n\t\t\t\t\t\t\t\tAssistance juridique\t\t\t\t\t\t\t<\/h4>\n\t\t\t\t\t\t\t\t\t\t\t\n\t\t            \t\t\t\t\t\t<p class=\"description\">\n\t\t\t\t\t\t\tLa CECITU fournit une assistance juridique et r\u00e9glementaire aux entreprises membres en ce qui concerne les questions commerciales bilat\u00e9rales, les contrats, les litiges commerciaux, les normes et r\u00e9glementations, les droits de propri\u00e9t\u00e9 intellectuelle, etc. Elle peut \u00e9galement aider les entreprises \u00e0 comprendre et \u00e0 se conformer aux r\u00e9glementations douani\u00e8res et fiscales applicables.\n\t\t\t\t\t\t<\/p>\n\t\t\t\t\t\n\t\t\t\t\t\t\t            \t<span class=\"text_number\">\n\t\t            \t\t05\t\t            \t<\/span>\n\t\t            \n\t\t            <div class=\"triangle-topleft-1\"><\/div>\n\t\t\t    \t<div class=\"triangle-topleft-2\"><\/div>\n\t\t     \n\t\t\t    <\/div>\n\n\t\t\t\n\t\t\t\t<\/div>\n\t\t\t\t<\/div>\n\t\t\t\t\t<\/div>\n\t\t<\/div>\n\t\t\t\t\t\t\t<\/div>\n\t\t<\/section>\n\t\t\t\t<section class=\"elementor-section elementor-top-section elementor-element elementor-element-ab3f741 elementor-section-boxed elementor-section-height-default elementor-section-height-default wpr-particle-no wpr-jarallax-no wpr-parallax-no wpr-sticky-section-no\" data-id=\"ab3f741\" data-element_type=\"section\" data-settings=\"{&quot;_ha_eqh_enable&quot;:false}\">\n\t\t\t\t\t\t<div class=\"elementor-container elementor-column-gap-default\">\n\t\t\t\t\t<div class=\"elementor-column elementor-col-50 elementor-top-column elementor-element elementor-element-f1bab99 animated-fast elementor-invisible\" data-id=\"f1bab99\" data-element_type=\"column\" data-settings=\"{&quot;animation&quot;:&quot;ova-move-up&quot;,&quot;animation_tablet&quot;:&quot;none&quot;,&quot;animation_delay&quot;:300}\">\n\t\t\t<div class=\"elementor-widget-wrap elementor-element-populated\">\n\t\t\t\t\t\t\t\t<div class=\"elementor-element elementor-element-d96a030 elementor-widget elementor-widget-infetech_elementor_service_2\" data-id=\"d96a030\" data-element_type=\"widget\" data-widget_type=\"infetech_elementor_service_2.default\">\n\t\t\t\t<div class=\"elementor-widget-container\">\n\t\t\t\n\t\t \t\n\t\t \t    <div class=\"ova-service-2 ova-service-2-template2\">\n                \n\t\t \t    \t<div class=\"square\"><\/div>\n\n\t\t            \t\t\t            \t\t\t\t\t\t\t<h4 class=\"title\">\n\t\t\t\t\t\t\t\tFormation et renforcement des capacit\u00e9s\t\t\t\t\t\t\t<\/h4>\n\t\t\t\t\t\t\t\t\t\t\t\n\t\t            \t\t\t\t\t\t<p class=\"description\">\n\t\t\t\t\t\t\tLa chambre organise des programmes de formation et de renforcement des capacit\u00e9s pour les entreprises membres. Ces programmes peuvent couvrir divers domaines, tels que le commerce international, le marketing, la gestion d&#039;entreprise, la logistique, les techniques de n\u00e9gociation, etc. L&#039;objectif est d&#039;am\u00e9liorer les comp\u00e9tences et les connaissances des membres pour renforcer leur comp\u00e9titivit\u00e9 sur les march\u00e9s turcs et de l&#039;UEMOA.\t\t\t\t\t\t<\/p>\n\t\t\t\t\t\n\t\t\t\t\t\t\t            \t<span class=\"text_number\">\n\t\t            \t\t06\t\t            \t<\/span>\n\t\t            \n\t\t            <div class=\"triangle-topleft-1\"><\/div>\n\t\t\t    \t<div class=\"triangle-topleft-2\"><\/div>\n\t\t     \n\t\t\t    <\/div>\n\n\t\t\t\n\t\t\t\t<\/div>\n\t\t\t\t<\/div>\n\t\t\t\t\t<\/div>\n\t\t<\/div>\n\t\t\t\t<div class=\"elementor-column elementor-col-50 elementor-top-column elementor-element elementor-element-167e2b1 animated-fast elementor-invisible\" data-id=\"167e2b1\" data-element_type=\"column\" data-settings=\"{&quot;animation&quot;:&quot;ova-move-up&quot;,&quot;animation_tablet&quot;:&quot;none&quot;,&quot;animation_delay&quot;:350}\">\n\t\t\t<div class=\"elementor-widget-wrap elementor-element-populated\">\n\t\t\t\t\t\t\t\t<div class=\"elementor-element elementor-element-37fb7fb elementor-widget elementor-widget-infetech_elementor_service_2\" data-id=\"37fb7fb\" data-element_type=\"widget\" data-widget_type=\"infetech_elementor_service_2.default\">\n\t\t\t\t<div class=\"elementor-widget-container\">\n\t\t\t\n\t\t \t\n\t\t \t    <div class=\"ova-service-2 ova-service-2-template2\">\n                \n\t\t \t    \t<div class=\"square\"><\/div>\n\n\t\t            \t\t\t            \t\t\t\t\t\t\t<h4 class=\"title\">\n\t\t\t\t\t\t\t\tMise en relation d&#039;affaires\t\t\t\t\t\t\t<\/h4>\n\t\t\t\t\t\t\t\t\t\t\t\n\t\t            \t\t\t\t\t\t<p class=\"description\">\n\t\t\t\t\t\t\tLa chambre facilite la mise en relation d&#039;affaires entre les entreprises turques et les entreprises de l&#039;UEMOA. Elle organise des \u00e9v\u00e9nements de r\u00e9seautage, des foires commerciales, des missions commerciales, des rencontres B2B, etc. Ces activit\u00e9s permettent aux membres de rencontrer des partenaires potentiels, de d\u00e9velopper des alliances strat\u00e9giques et d&#039;explorer de nouvelles opportunit\u00e9s commerciales.\t\t\t\t\t\t<\/p>\n\t\t\t\t\t\n\t\t\t\t\t\t\t            \t<span class=\"text_number\">\n\t\t            \t\t07\t\t            \t<\/span>\n\t\t            \n\t\t            <div class=\"triangle-topleft-1\"><\/div>\n\t\t\t    \t<div class=\"triangle-topleft-2\"><\/div>\n\t\t     \n\t\t\t    <\/div>\n\n\t\t\t\n\t\t\t\t<\/div>\n\t\t\t\t<\/div>\n\t\t\t\t\t<\/div>\n\t\t<\/div>\n\t\t\t\t\t\t\t<\/div>\n\t\t<\/section>\n\t\t\t\t\t\t\t<\/div>\n\t\t","protected":false},"excerpt":{"rendered":"<p>Information et conseil La CECITU fournit des informations commerciales et \u00e9conomiques cl\u00e9s sur les march\u00e9s turcs et de l&#039;UEMOA, y compris les opportunit\u00e9s d&#039;investissement, les r\u00e9glementations commerciales, les politiques gouvernementales, l\u2019import\/export etc. Elle offre \u00e9galement des conseils et des orientations aux entreprises membres sur les meilleures pratiques commerciales et les strat\u00e9gies de d\u00e9veloppement. 01 Services [&hellip;]<\/p>\n","protected":false},"author":1,"featured_media":0,"parent":0,"menu_order":0,"comment_status":"closed","ping_status":"closed","template":"elementor_header_footer","meta":{"footnotes":""},"class_list":["post-20","page","type-page","status-publish","hentry"],"_links":{"self":[{"href":"https:\/\/testplateformebj.com\/cecitu\/wp-json\/wp\/v2\/pages\/20","targetHints":{"allow":["GET"]}}],"collection":[{"href":"https:\/\/testplateformebj.com\/cecitu\/wp-json\/wp\/v2\/pages"}],"about":[{"href":"https:\/\/testplateformebj.com\/cecitu\/wp-json\/wp\/v2\/types\/page"}],"author":[{"embeddable":true,"href":"https:\/\/testplateformebj.com\/cecitu\/wp-json\/wp\/v2\/users\/1"}],"replies":[{"embeddable":true,"href":"https:\/\/testplateformebj.com\/cecitu\/wp-json\/wp\/v2\/comments?post=20"}],"version-history":[{"count":14,"href":"https:\/\/testplateformebj.com\/cecitu\/wp-json\/wp\/v2\/pages\/20\/revisions"}],"predecessor-version":[{"id":5709,"href":"https:\/\/testplateformebj.com\/cecitu\/wp-json\/wp\/v2\/pages\/20\/revisions\/5709"}],"wp:attachment":[{"href":"https:\/\/testplateformebj.com\/cecitu\/wp-json\/wp\/v2\/media?parent=20"}],"curies":[{"name":"wp","href":"https:\/\/api.w.org\/{rel}","templated":true}]}}