{"id":5360,"date":"2023-07-04T10:13:42","date_gmt":"2023-07-04T08:13:42","guid":{"rendered":"https:\/\/testplateformebj.com\/cecitu\/?page_id=5360"},"modified":"2023-07-08T15:23:19","modified_gmt":"2023-07-08T13:23:19","slug":"espace-membre","status":"publish","type":"page","link":"https:\/\/testplateformebj.com\/cecitu\/espace-membre\/","title":{"rendered":"Espace membre"},"content":{"rendered":"\t\t<div data-elementor-type=\"wp-page\" data-elementor-id=\"5360\" class=\"elementor elementor-5360\">\n\t\t\t\t\t\t\t\t\t<section class=\"elementor-section elementor-top-section elementor-element elementor-element-f980e82 elementor-section-boxed elementor-section-height-default elementor-section-height-default wpr-particle-no wpr-jarallax-no wpr-parallax-no wpr-sticky-section-no\" data-id=\"f980e82\" data-element_type=\"section\" data-settings=\"{&quot;_ha_eqh_enable&quot;:false}\">\n\t\t\t\t\t\t<div class=\"elementor-container elementor-column-gap-default\">\n\t\t\t\t\t<div class=\"elementor-column elementor-col-100 elementor-top-column elementor-element elementor-element-97a672c elementor-invisible\" data-id=\"97a672c\" data-element_type=\"column\" data-settings=\"{&quot;animation&quot;:&quot;ova-move-down&quot;,&quot;animation_tablet&quot;:&quot;none&quot;}\">\n\t\t\t<div class=\"elementor-widget-wrap elementor-element-populated\">\n\t\t\t\t\t\t\t\t<div class=\"elementor-element elementor-element-1264904 elementor-widget elementor-widget-infetech_elementor_heading\" data-id=\"1264904\" data-element_type=\"widget\" data-widget_type=\"infetech_elementor_heading.default\">\n\t\t\t\t<div class=\"elementor-widget-container\">\n\t\t\t\n\t\t\t<div class=\"ova-heading\">\n\t\t\t\t\n\t\t\t\t\n\t\t\t\t\n\t\t\t\t\t<h3 class=\"title\">\t\t\t\t\t\t\t\t\t\t\t\t\t<a href=\"https:\/\/testplateformebj.com\/cecitu\/adhesion\/\" target=\"_blank\" title=\"\">\n\t\t\t\t\t\t\t\tAvantages et cat\u00e9gories d&#039;adh\u00e9sion\t\t\t\t\t\t\t<\/a>\n\t\t\t\t\t\t\t\t\t\t\t<\/h3>\n                \n\t\t\t<\/div>\n\n\t\t\t\t<\/div>\n\t\t\t\t<\/div>\n\t\t\t\t<div class=\"elementor-element elementor-element-876f6e0 elementor-widget elementor-widget-text-editor\" data-id=\"876f6e0\" data-element_type=\"widget\" data-widget_type=\"text-editor.default\">\n\t\t\t\t<div class=\"elementor-widget-container\">\n\t\t\t<style>\/*! elementor - v3.14.0 - 26-06-2023 *\/\n.elementor-widget-text-editor.elementor-drop-cap-view-stacked .elementor-drop-cap{background-color:#69727d;color:#fff}.elementor-widget-text-editor.elementor-drop-cap-view-framed .elementor-drop-cap{color:#69727d;border:3px solid;background-color:transparent}.elementor-widget-text-editor:not(.elementor-drop-cap-view-default) .elementor-drop-cap{margin-top:8px}.elementor-widget-text-editor:not(.elementor-drop-cap-view-default) .elementor-drop-cap-letter{width:1em;height:1em}.elementor-widget-text-editor .elementor-drop-cap{float:left;text-align:center;line-height:1;font-size:50px}.elementor-widget-text-editor .elementor-drop-cap-letter{display:inline-block}<\/style>\t\t\t\t<p><strong>Adh\u00e9sion r\u00e9guli\u00e8re ou de base :<\/strong> Il s&#8217;agit souvent du niveau d&#8217;adh\u00e9sion de base offert aux entreprises. Les avantages peuvent inclure l&#8217;acc\u00e8s aux services de base de la chambre de commerce, tels que des ressources d&#8217;information, des opportunit\u00e9s de r\u00e9seautage, des formations, des s\u00e9minaires et des conf\u00e9rences.<\/p><p><strong>Adh\u00e9sion premium ou de niveau sup\u00e9rieur :<\/strong> Ce type d&#8217;adh\u00e9sion peut offrir des avantages suppl\u00e9mentaires par rapport \u00e0 l&#8217;adh\u00e9sion r\u00e9guli\u00e8re. Cela peut inclure des services personnalis\u00e9s, des opportunit\u00e9s de marketing et de promotion accrues, une visibilit\u00e9 accrue aupr\u00e8s des parties prenantes, un acc\u00e8s privil\u00e9gi\u00e9 aux ressources et aux \u00e9v\u00e9nements, ainsi que des services de conseil sp\u00e9cialis\u00e9s.<\/p><p><strong>Adh\u00e9sion sectorielle :<\/strong> Certaines chambres de commerce et d&#8217;industrie proposent des adh\u00e9sions sp\u00e9cifiques \u00e0 des secteurs d&#8217;activit\u00e9 particuliers. Cela permet aux entreprises d&#8217;obtenir un soutien et des services sp\u00e9cialis\u00e9s pour leur industrie sp\u00e9cifique, tels que des informations sectorielles, des opportunit\u00e9s de lobbying, des groupes de travail sp\u00e9cialis\u00e9s et des programmes de d\u00e9veloppement sectoriel.<\/p><p><strong>Adh\u00e9sion internationale :<\/strong> Pour les entreprises impliqu\u00e9es dans le commerce international, certaines chambres de commerce offrent des adh\u00e9sions sp\u00e9cifiquement ax\u00e9es sur les activit\u00e9s internationales. Les avantages peuvent inclure des services d&#8217;exportation et d&#8217;importation, des conseils sur les r\u00e9glementations commerciales internationales, des opportunit\u00e9s de partenariat commercial mondial et des services de repr\u00e9sentation \u00e0 l&#8217;\u00e9tranger.<\/p>\t\t\t\t\t\t<\/div>\n\t\t\t\t<\/div>\n\t\t\t\t\t<\/div>\n\t\t<\/div>\n\t\t\t\t\t\t\t<\/div>\n\t\t<\/section>\n\t\t\t\t<section class=\"elementor-section elementor-top-section elementor-element elementor-element-65a0374 elementor-section-boxed elementor-section-height-default elementor-section-height-default wpr-particle-no wpr-jarallax-no wpr-parallax-no wpr-sticky-section-no\" data-id=\"65a0374\" data-element_type=\"section\" data-settings=\"{&quot;_ha_eqh_enable&quot;:false}\">\n\t\t\t\t\t\t<div class=\"elementor-container elementor-column-gap-default\">\n\t\t\t\t\t<div class=\"elementor-column elementor-col-100 elementor-top-column elementor-element elementor-element-c7aeb54 elementor-invisible\" data-id=\"c7aeb54\" data-element_type=\"column\" data-settings=\"{&quot;animation&quot;:&quot;ova-move-down&quot;,&quot;animation_tablet&quot;:&quot;none&quot;,&quot;background_background&quot;:&quot;classic&quot;}\">\n\t\t\t<div class=\"elementor-widget-wrap elementor-element-populated\">\n\t\t\t\t\t\t\t\t<div class=\"elementor-element elementor-element-73c0efa elementor-widget elementor-widget-infetech_elementor_heading\" data-id=\"73c0efa\" data-element_type=\"widget\" data-widget_type=\"infetech_elementor_heading.default\">\n\t\t\t\t<div class=\"elementor-widget-container\">\n\t\t\t\n\t\t\t<div class=\"ova-heading\">\n\t\t\t\t\n\t\t\t\t\n\t\t\t\t\n\t\t\t\t\t<h3 class=\"title\">\t\t\t\t\t\t\t\t\t\t\t\t\t<a href=\"https:\/\/testplateformebj.com\/cecitu\/adhesion\/\" target=\"_blank\" title=\"\">\n\t\t\t\t\t\t\t\tConditions d&#039;adh\u00e9sion\t\t\t\t\t\t\t<\/a>\n\t\t\t\t\t\t\t\t\t\t\t<\/h3>\n                \n\t\t\t<\/div>\n\n\t\t\t\t<\/div>\n\t\t\t\t<\/div>\n\t\t\t\t<div class=\"elementor-element elementor-element-a2848e2 elementor-widget elementor-widget-text-editor\" data-id=\"a2848e2\" data-element_type=\"widget\" data-widget_type=\"text-editor.default\">\n\t\t\t\t<div class=\"elementor-widget-container\">\n\t\t\t\t\t\t\t<ul><li>La CHAMBRE est compos\u00e9e de membres acteurs \u00e9conomiques dans les deux pays qui partagent les objectifs de son action tels que d\u00e9finis au Pr\u00e9ambule et qui contribuent \u00e0 sa mission conform\u00e9ment.<\/li><li><strong>Peuvent devenir membres de la CHAMBRE :<\/strong><br \/>a. les entreprises, soci\u00e9t\u00e9s commerciales, firmes, et toutes autres entit\u00e9s juridiquement constitu\u00e9es et exer\u00e7ant leurs activit\u00e9s dans l&#8217;un des deux pays et entretiennent ou souhaitent entretenir une relation de coop\u00e9ration, d&#8217;\u00e9change ou de partenariat avec un acteur \u00e9conomique dans l&#8217;autre pays.<br \/>b. les organisations de caract\u00e8re national et local qui sont pleinement repr\u00e9sentatives des int\u00e9r\u00eats \u00e9conomiques et professionnels de leurs membres et qui ne poursuivent pas d&#8217;objectifs d&#8217;ordre principalement politique.<br \/>3. La notification d&#8217;acceptation par le Comit\u00e9 Directeur de la CHAMBRE \u00e0 un candidat lui conf\u00e8re la qualit\u00e9 de membre. Tous les membres de la CHAMBRE sont inscrits sur un registre tenu par son Secr\u00e9tariat.<\/li><\/ul>\t\t\t\t\t\t<\/div>\n\t\t\t\t<\/div>\n\t\t\t\t\t<\/div>\n\t\t<\/div>\n\t\t\t\t\t\t\t<\/div>\n\t\t<\/section>\n\t\t\t\t<section class=\"elementor-section elementor-top-section elementor-element elementor-element-cb22869 ova-geometry4 elementor-section-boxed elementor-section-height-default elementor-section-height-default wpr-particle-no wpr-jarallax-no wpr-parallax-no wpr-sticky-section-no\" data-id=\"cb22869\" data-element_type=\"section\" data-settings=\"{&quot;background_background&quot;:&quot;classic&quot;,&quot;_ha_eqh_enable&quot;:false}\">\n\t\t\t\t\t\t<div class=\"elementor-container elementor-column-gap-default\">\n\t\t\t\t\t<div class=\"elementor-column elementor-col-50 elementor-top-column elementor-element elementor-element-0813454\" data-id=\"0813454\" data-element_type=\"column\">\n\t\t\t<div class=\"elementor-widget-wrap elementor-element-populated\">\n\t\t\t\t\t\t\t\t<div class=\"elementor-element elementor-element-8422cc8 elementor-widget__width-auto elementor-widget elementor-widget-infetech_elementor_heading\" data-id=\"8422cc8\" data-element_type=\"widget\" data-widget_type=\"infetech_elementor_heading.default\">\n\t\t\t\t<div class=\"elementor-widget-container\">\n\t\t\t\n\t\t\t<div class=\"ova-heading\">\n\t\t\t\t\n\t\t\t\t\n\t\t\t\t\n\t\t\t\t\t<h3 class=\"title\">\t\t\t\t\t\t\t\t\t\t\t\t\tRemplissez un formulaire en ligne pour soumettre votre demande d&#039;adh\u00e9sion\t\t\t\t\t\t\t\t\t\t\t<\/h3>\n                \n\t\t\t<\/div>\n\n\t\t\t\t<\/div>\n\t\t\t\t<\/div>\n\t\t\t\t\t<\/div>\n\t\t<\/div>\n\t\t\t\t<div class=\"elementor-column elementor-col-50 elementor-top-column elementor-element elementor-element-7891dde\" data-id=\"7891dde\" data-element_type=\"column\">\n\t\t\t<div class=\"elementor-widget-wrap elementor-element-populated\">\n\t\t\t\t\t\t\t\t<div class=\"elementor-element elementor-element-c1bce07 elementor-align-right elementor-widget__width-initial elementor-mobile-align-center elementor-widget elementor-widget-button\" data-id=\"c1bce07\" data-element_type=\"widget\" data-widget_type=\"button.default\">\n\t\t\t\t<div class=\"elementor-widget-container\">\n\t\t\t\t\t<div class=\"elementor-button-wrapper\">\n\t\t\t<a class=\"elementor-button elementor-button-link elementor-size-sm\" href=\"https:\/\/demo.ovatheme.com\/infetech\/contact\/\" title=\"about\">\n\t\t\t\t\t\t<span class=\"elementor-button-content-wrapper\">\n\t\t\t\t\t\t<span class=\"elementor-button-text\">Faire une demande d'adh\u00e9sion<\/span>\n\t\t<\/span>\n\t\t\t\t\t<\/a>\n\t\t<\/div>\n\t\t\t\t<\/div>\n\t\t\t\t<\/div>\n\t\t\t\t\t<\/div>\n\t\t<\/div>\n\t\t\t\t\t\t\t<\/div>\n\t\t<\/section>\n\t\t\t\t\t\t\t<\/div>\n\t\t","protected":false},"excerpt":{"rendered":"<p>Avantages et cat\u00e9gories d&#039;adh\u00e9sion Adh\u00e9sion r\u00e9guli\u00e8re ou de base : Il s&#8217;agit souvent du niveau d&#8217;adh\u00e9sion de base offert aux entreprises. Les avantages peuvent inclure l&#8217;acc\u00e8s aux services de base de la chambre de commerce, tels que des ressources d&#8217;information, des opportunit\u00e9s de r\u00e9seautage, des formations, des s\u00e9minaires et des conf\u00e9rences. Adh\u00e9sion premium ou de [&hellip;]<\/p>\n","protected":false},"author":1,"featured_media":0,"parent":0,"menu_order":0,"comment_status":"closed","ping_status":"closed","template":"elementor_header_footer","meta":{"footnotes":""},"class_list":["post-5360","page","type-page","status-publish","hentry"],"_links":{"self":[{"href":"https:\/\/testplateformebj.com\/cecitu\/wp-json\/wp\/v2\/pages\/5360","targetHints":{"allow":["GET"]}}],"collection":[{"href":"https:\/\/testplateformebj.com\/cecitu\/wp-json\/wp\/v2\/pages"}],"about":[{"href":"https:\/\/testplateformebj.com\/cecitu\/wp-json\/wp\/v2\/types\/page"}],"author":[{"embeddable":true,"href":"https:\/\/testplateformebj.com\/cecitu\/wp-json\/wp\/v2\/users\/1"}],"replies":[{"embeddable":true,"href":"https:\/\/testplateformebj.com\/cecitu\/wp-json\/wp\/v2\/comments?post=5360"}],"version-history":[{"count":23,"href":"https:\/\/testplateformebj.com\/cecitu\/wp-json\/wp\/v2\/pages\/5360\/revisions"}],"predecessor-version":[{"id":6120,"href":"https:\/\/testplateformebj.com\/cecitu\/wp-json\/wp\/v2\/pages\/5360\/revisions\/6120"}],"wp:attachment":[{"href":"https:\/\/testplateformebj.com\/cecitu\/wp-json\/wp\/v2\/media?parent=5360"}],"curies":[{"name":"wp","href":"https:\/\/api.w.org\/{rel}","templated":true}]}}