{"id":6128,"date":"2023-07-10T00:42:17","date_gmt":"2023-07-09T22:42:17","guid":{"rendered":"https:\/\/testplateformebj.com\/cecitu\/?page_id=6128"},"modified":"2023-07-27T08:01:59","modified_gmt":"2023-07-27T06:01:59","slug":"faq","status":"publish","type":"page","link":"https:\/\/testplateformebj.com\/cecitu\/faq\/","title":{"rendered":"Faq"},"content":{"rendered":"\t\t<div data-elementor-type=\"wp-page\" data-elementor-id=\"6128\" class=\"elementor elementor-6128\">\n\t\t\t\t\t\t\t\t\t<section class=\"elementor-section elementor-top-section elementor-element elementor-element-29b56a8 ova-geometry4 elementor-section-boxed elementor-section-height-default elementor-section-height-default wpr-particle-no wpr-jarallax-no wpr-parallax-no wpr-sticky-section-no\" data-id=\"29b56a8\" data-element_type=\"section\" data-settings=\"{&quot;background_background&quot;:&quot;classic&quot;,&quot;_ha_eqh_enable&quot;:false}\">\n\t\t\t\t\t\t<div class=\"elementor-container elementor-column-gap-default\">\n\t\t\t\t\t<div class=\"elementor-column elementor-col-100 elementor-top-column elementor-element elementor-element-b9449dd\" data-id=\"b9449dd\" data-element_type=\"column\">\n\t\t\t<div class=\"elementor-widget-wrap elementor-element-populated\">\n\t\t\t\t\t\t\t\t<div class=\"elementor-element elementor-element-ac2e3e7 elementor-widget__width-auto elementor-widget elementor-widget-infetech_elementor_heading\" data-id=\"ac2e3e7\" data-element_type=\"widget\" data-widget_type=\"infetech_elementor_heading.default\">\n\t\t\t\t<div class=\"elementor-widget-container\">\n\t\t\t\n\t\t\t<div class=\"ova-heading\">\n\t\t\t\t\n\t\t\t\t\n\t\t\t\t\n\t\t\t\t\t<h3 class=\"title\">\t\t\t\t\t\t\t\t\t\t\t\t\tBienvenue sur le site de la CECITU (Chambre \u00e9conomique commerciale et industrielle Turco-Uemoa)\n\t\t\t\t\t\t\t\t\t\t\t<\/h3>\n                \n\t\t\t<\/div>\n\n\t\t\t\t<\/div>\n\t\t\t\t<\/div>\n\t\t\t\t\t<\/div>\n\t\t<\/div>\n\t\t\t\t\t\t\t<\/div>\n\t\t<\/section>\n\t\t<div class=\"elementor-element elementor-element-c4c2482 e-flex e-con-boxed wpr-particle-no wpr-jarallax-no wpr-parallax-no e-con\" data-id=\"c4c2482\" data-element_type=\"container\" data-settings=\"{&quot;background_background&quot;:&quot;classic&quot;,&quot;content_width&quot;:&quot;boxed&quot;}\">\n\t\t\t\t\t<div class=\"e-con-inner\">\n\t\t\t\t<div class=\"elementor-element elementor-element-a23afb8 elementor-widget elementor-widget-jkit_accordion\" data-id=\"a23afb8\" data-element_type=\"widget\" data-widget_type=\"jkit_accordion.default\">\n\t\t\t\t<div class=\"elementor-widget-container\">\n\t\t\t<div  class=\"jeg-elementor-kit jkit-accordion style-box jeg_module___69f17227d07fe\" ><div class=\"card-wrapper expand\">\n                <div class=\"card-header\">\n                    <a href=\"#expand-c3bcb26\" class=\"card-header-button\" aria-expanded=\"false\" data-target=\"#expand-c3bcb26\" aria-controls=\"expand-c3bcb26\">\n                        <span class=\"number\"><\/span><span class=\"title\">Qu&#039;est-ce que la CECITU ?<\/span><div class=\"right-icon-group\">\n                <div class=\"normal-icon\"><svg aria-hidden=\"true\" class=\"e-font-icon-svg e-fas-chevron-down\" viewBox=\"0 0 448 512\" xmlns=\"http:\/\/www.w3.org\/2000\/svg\"><path d=\"M207.029 381.476L12.686 187.132c-9.373-9.373-9.373-24.569 0-33.941l22.667-22.667c9.357-9.357 24.522-9.375 33.901-.04L224 284.505l154.745-154.021c9.379-9.335 24.544-9.317 33.901.04l22.667 22.667c9.373 9.373 9.373 24.569 0 33.941L240.971 381.476c-9.373 9.372-24.569 9.372-33.942 0z\"><\/path><\/svg><\/div>\n                <div class=\"active-icon\"><svg aria-hidden=\"true\" class=\"e-font-icon-svg e-fas-chevron-up\" viewBox=\"0 0 448 512\" xmlns=\"http:\/\/www.w3.org\/2000\/svg\"><path d=\"M240.971 130.524l194.343 194.343c9.373 9.373 9.373 24.569 0 33.941l-22.667 22.667c-9.357 9.357-24.522 9.375-33.901.04L224 227.495 69.255 381.516c-9.379 9.335-24.544 9.317-33.901-.04l-22.667-22.667c-9.373-9.373-9.373-24.569 0-33.941L207.03 130.525c9.372-9.373 24.568-9.373 33.941-.001z\"><\/path><\/svg><\/div>\n            <\/div>\n                    <\/a>\n                <\/div>\n                <div class=\"card-expand\" id=\"expand-c3bcb26\" style=\"display:block\"><div class=\"card-body\"><p>La CECITU est la Chambre \u00e9conomique commerciale et industrielle Turco-Uemoa. Elle est une organisation qui vise \u00e0 promouvoir et faciliter les \u00e9changes \u00e9conomiques, commerciaux et industriels entre la Turquie et les pays membres de l'UEMOA (Union \u00e9conomique et mon\u00e9taire ouest-africaine).<\/p><\/div><\/div>\n            <\/div><div class=\"card-wrapper \">\n                <div class=\"card-header\">\n                    <a href=\"#expand-6d29d81\" class=\"card-header-button\" aria-expanded=\"false\" data-target=\"#expand-6d29d81\" aria-controls=\"expand-6d29d81\">\n                        <span class=\"number\"><\/span><span class=\"title\">Quels sont les pays membres de l&#039;UEMOA ?<\/span><div class=\"right-icon-group\">\n                <div class=\"normal-icon\"><svg aria-hidden=\"true\" class=\"e-font-icon-svg e-fas-chevron-down\" viewBox=\"0 0 448 512\" xmlns=\"http:\/\/www.w3.org\/2000\/svg\"><path d=\"M207.029 381.476L12.686 187.132c-9.373-9.373-9.373-24.569 0-33.941l22.667-22.667c9.357-9.357 24.522-9.375 33.901-.04L224 284.505l154.745-154.021c9.379-9.335 24.544-9.317 33.901.04l22.667 22.667c9.373 9.373 9.373 24.569 0 33.941L240.971 381.476c-9.373 9.372-24.569 9.372-33.942 0z\"><\/path><\/svg><\/div>\n                <div class=\"active-icon\"><svg aria-hidden=\"true\" class=\"e-font-icon-svg e-fas-chevron-up\" viewBox=\"0 0 448 512\" xmlns=\"http:\/\/www.w3.org\/2000\/svg\"><path d=\"M240.971 130.524l194.343 194.343c9.373 9.373 9.373 24.569 0 33.941l-22.667 22.667c-9.357 9.357-24.522 9.375-33.901.04L224 227.495 69.255 381.516c-9.379 9.335-24.544 9.317-33.901-.04l-22.667-22.667c-9.373-9.373-9.373-24.569 0-33.941L207.03 130.525c9.372-9.373 24.568-9.373 33.941-.001z\"><\/path><\/svg><\/div>\n            <\/div>\n                    <\/a>\n                <\/div>\n                <div class=\"card-expand\" id=\"expand-6d29d81\" style=\"display:none\"><div class=\"card-body\"><p>Les pays membres de l'UEMOA sont le B\u00e9nin, le Burkina Faso, la C\u00f4te d'Ivoire, la Guin\u00e9e-Bissau, le Mali, le Niger, le S\u00e9n\u00e9gal et le Togo.<\/p><\/div><\/div>\n            <\/div><div class=\"card-wrapper \">\n                <div class=\"card-header\">\n                    <a href=\"#expand-2d451d0\" class=\"card-header-button\" aria-expanded=\"false\" data-target=\"#expand-2d451d0\" aria-controls=\"expand-2d451d0\">\n                        <span class=\"number\"><\/span><span class=\"title\">Quels sont les objectifs de la CECITU ?<\/span><div class=\"right-icon-group\">\n                <div class=\"normal-icon\"><svg aria-hidden=\"true\" class=\"e-font-icon-svg e-fas-chevron-down\" viewBox=\"0 0 448 512\" xmlns=\"http:\/\/www.w3.org\/2000\/svg\"><path d=\"M207.029 381.476L12.686 187.132c-9.373-9.373-9.373-24.569 0-33.941l22.667-22.667c9.357-9.357 24.522-9.375 33.901-.04L224 284.505l154.745-154.021c9.379-9.335 24.544-9.317 33.901.04l22.667 22.667c9.373 9.373 9.373 24.569 0 33.941L240.971 381.476c-9.373 9.372-24.569 9.372-33.942 0z\"><\/path><\/svg><\/div>\n                <div class=\"active-icon\"><svg aria-hidden=\"true\" class=\"e-font-icon-svg e-fas-chevron-up\" viewBox=\"0 0 448 512\" xmlns=\"http:\/\/www.w3.org\/2000\/svg\"><path d=\"M240.971 130.524l194.343 194.343c9.373 9.373 9.373 24.569 0 33.941l-22.667 22.667c-9.357 9.357-24.522 9.375-33.901.04L224 227.495 69.255 381.516c-9.379 9.335-24.544 9.317-33.901-.04l-22.667-22.667c-9.373-9.373-9.373-24.569 0-33.941L207.03 130.525c9.372-9.373 24.568-9.373 33.941-.001z\"><\/path><\/svg><\/div>\n            <\/div>\n                    <\/a>\n                <\/div>\n                <div class=\"card-expand\" id=\"expand-2d451d0\" style=\"display:none\"><div class=\"card-body\"><p>Les objectifs de la CECITU sont les suivants :<\/p><ul><li>Favoriser les \u00e9changes commerciaux et \u00e9conomiques entre la Turquie et les pays membres de l'UEMOA.<\/li><li>Encourager les investissements turcs dans la r\u00e9gion de l'UEMOA.<\/li><li>Faciliter les partenariats et les collaborations entre les entreprises turques et ouest-africaines.<\/li><li>Promouvoir le transfert de connaissances et de technologies entre la Turquie et les pays de l'UEMOA.<\/li><li>Assister les entreprises turques et ouest-africaines dans leurs activit\u00e9s commerciales et industrielles.<\/li><\/ul><\/div><\/div>\n            <\/div><div class=\"card-wrapper \">\n                <div class=\"card-header\">\n                    <a href=\"#expand-6ec070b\" class=\"card-header-button\" aria-expanded=\"false\" data-target=\"#expand-6ec070b\" aria-controls=\"expand-6ec070b\">\n                        <span class=\"number\"><\/span><span class=\"title\">Comment puis-je devenir membre de la CECITU ?<\/span><div class=\"right-icon-group\">\n                <div class=\"normal-icon\"><svg aria-hidden=\"true\" class=\"e-font-icon-svg e-fas-chevron-down\" viewBox=\"0 0 448 512\" xmlns=\"http:\/\/www.w3.org\/2000\/svg\"><path d=\"M207.029 381.476L12.686 187.132c-9.373-9.373-9.373-24.569 0-33.941l22.667-22.667c9.357-9.357 24.522-9.375 33.901-.04L224 284.505l154.745-154.021c9.379-9.335 24.544-9.317 33.901.04l22.667 22.667c9.373 9.373 9.373 24.569 0 33.941L240.971 381.476c-9.373 9.372-24.569 9.372-33.942 0z\"><\/path><\/svg><\/div>\n                <div class=\"active-icon\"><svg aria-hidden=\"true\" class=\"e-font-icon-svg e-fas-chevron-up\" viewBox=\"0 0 448 512\" xmlns=\"http:\/\/www.w3.org\/2000\/svg\"><path d=\"M240.971 130.524l194.343 194.343c9.373 9.373 9.373 24.569 0 33.941l-22.667 22.667c-9.357 9.357-24.522 9.375-33.901.04L224 227.495 69.255 381.516c-9.379 9.335-24.544 9.317-33.901-.04l-22.667-22.667c-9.373-9.373-9.373-24.569 0-33.941L207.03 130.525c9.372-9.373 24.568-9.373 33.941-.001z\"><\/path><\/svg><\/div>\n            <\/div>\n                    <\/a>\n                <\/div>\n                <div class=\"card-expand\" id=\"expand-6ec070b\" style=\"display:none\"><div class=\"card-body\"><p>Pour devenir membre de la CECITU, vous devez remplir un formulaire d'adh\u00e9sion disponible sur notre site web. Ce formulaire vous demande des informations sur votre entreprise, vos activit\u00e9s et vos int\u00e9r\u00eats en lien avec la Turquie et les pays de l'UEMOA. Une fois votre demande soumise, elle sera examin\u00e9e par notre \u00e9quipe et vous serez inform\u00e9 de la d\u00e9cision.<\/p><\/div><\/div>\n            <\/div><div class=\"card-wrapper \">\n                <div class=\"card-header\">\n                    <a href=\"#expand-09083f9\" class=\"card-header-button\" aria-expanded=\"false\" data-target=\"#expand-09083f9\" aria-controls=\"expand-09083f9\">\n                        <span class=\"number\"><\/span><span class=\"title\">Quels sont les avantages d&#039;\u00eatre membre de la CECITU ?<\/span><div class=\"right-icon-group\">\n                <div class=\"normal-icon\"><svg aria-hidden=\"true\" class=\"e-font-icon-svg e-fas-chevron-down\" viewBox=\"0 0 448 512\" xmlns=\"http:\/\/www.w3.org\/2000\/svg\"><path d=\"M207.029 381.476L12.686 187.132c-9.373-9.373-9.373-24.569 0-33.941l22.667-22.667c9.357-9.357 24.522-9.375 33.901-.04L224 284.505l154.745-154.021c9.379-9.335 24.544-9.317 33.901.04l22.667 22.667c9.373 9.373 9.373 24.569 0 33.941L240.971 381.476c-9.373 9.372-24.569 9.372-33.942 0z\"><\/path><\/svg><\/div>\n                <div class=\"active-icon\"><svg aria-hidden=\"true\" class=\"e-font-icon-svg e-fas-chevron-up\" viewBox=\"0 0 448 512\" xmlns=\"http:\/\/www.w3.org\/2000\/svg\"><path d=\"M240.971 130.524l194.343 194.343c9.373 9.373 9.373 24.569 0 33.941l-22.667 22.667c-9.357 9.357-24.522 9.375-33.901.04L224 227.495 69.255 381.516c-9.379 9.335-24.544 9.317-33.901-.04l-22.667-22.667c-9.373-9.373-9.373-24.569 0-33.941L207.03 130.525c9.372-9.373 24.568-9.373 33.941-.001z\"><\/path><\/svg><\/div>\n            <\/div>\n                    <\/a>\n                <\/div>\n                <div class=\"card-expand\" id=\"expand-09083f9\" style=\"display:none\"><div class=\"card-body\"><p>Les membres de la CECITU b\u00e9n\u00e9ficient de plusieurs avantages, tels que :<\/p><ul><li>Acc\u00e8s \u00e0 un r\u00e9seau d'entreprises turques et ouest-africaines pour faciliter les partenariats et les collaborations.<\/li><li>Participation \u00e0 des \u00e9v\u00e9nements et des conf\u00e9rences exclusives organis\u00e9s par la CECITU.<\/li><li>Acc\u00e8s \u00e0 des ressources et des informations sur les march\u00e9s turcs et ouest-africains.<\/li><li>Assistance dans les d\u00e9marches commerciales et administratives li\u00e9es aux \u00e9changes entre la Turquie et les pays de l'UEMOA.<\/li><li>Promotion de votre entreprise \u00e0 travers nos canaux de communication.<\/li><\/ul><\/div><\/div>\n            <\/div><div class=\"card-wrapper \">\n                <div class=\"card-header\">\n                    <a href=\"#expand-1c2444f\" class=\"card-header-button\" aria-expanded=\"false\" data-target=\"#expand-1c2444f\" aria-controls=\"expand-1c2444f\">\n                        <span class=\"number\"><\/span><span class=\"title\">Comment puis-je contacter la CECITU ?<\/span><div class=\"right-icon-group\">\n                <div class=\"normal-icon\"><svg aria-hidden=\"true\" class=\"e-font-icon-svg e-fas-chevron-down\" viewBox=\"0 0 448 512\" xmlns=\"http:\/\/www.w3.org\/2000\/svg\"><path d=\"M207.029 381.476L12.686 187.132c-9.373-9.373-9.373-24.569 0-33.941l22.667-22.667c9.357-9.357 24.522-9.375 33.901-.04L224 284.505l154.745-154.021c9.379-9.335 24.544-9.317 33.901.04l22.667 22.667c9.373 9.373 9.373 24.569 0 33.941L240.971 381.476c-9.373 9.372-24.569 9.372-33.942 0z\"><\/path><\/svg><\/div>\n                <div class=\"active-icon\"><svg aria-hidden=\"true\" class=\"e-font-icon-svg e-fas-chevron-up\" viewBox=\"0 0 448 512\" xmlns=\"http:\/\/www.w3.org\/2000\/svg\"><path d=\"M240.971 130.524l194.343 194.343c9.373 9.373 9.373 24.569 0 33.941l-22.667 22.667c-9.357 9.357-24.522 9.375-33.901.04L224 227.495 69.255 381.516c-9.379 9.335-24.544 9.317-33.901-.04l-22.667-22.667c-9.373-9.373-9.373-24.569 0-33.941L207.03 130.525c9.372-9.373 24.568-9.373 33.941-.001z\"><\/path><\/svg><\/div>\n            <\/div>\n                    <\/a>\n                <\/div>\n                <div class=\"card-expand\" id=\"expand-1c2444f\" style=\"display:none\"><div class=\"card-body\"><p>Vous pouvez nous contacter en utilisant les coordonn\u00e9es suivantes :<br \/>- Adresse<br \/>- T\u00e9l\u00e9phone : <br \/>- Email : <br \/>- Site web :<\/p><\/div><\/div>\n            <\/div><\/div>\t\t<\/div>\n\t\t\t\t<\/div>\n\t\t\t\t<div class=\"elementor-element elementor-element-f6d8618 elementor-widget elementor-widget-text-editor\" data-id=\"f6d8618\" data-element_type=\"widget\" data-widget_type=\"text-editor.default\">\n\t\t\t\t<div class=\"elementor-widget-container\">\n\t\t\t<style>\/*! elementor - v3.14.0 - 26-06-2023 *\/\n.elementor-widget-text-editor.elementor-drop-cap-view-stacked .elementor-drop-cap{background-color:#69727d;color:#fff}.elementor-widget-text-editor.elementor-drop-cap-view-framed .elementor-drop-cap{color:#69727d;border:3px solid;background-color:transparent}.elementor-widget-text-editor:not(.elementor-drop-cap-view-default) .elementor-drop-cap{margin-top:8px}.elementor-widget-text-editor:not(.elementor-drop-cap-view-default) .elementor-drop-cap-letter{width:1em;height:1em}.elementor-widget-text-editor .elementor-drop-cap{float:left;text-align:center;line-height:1;font-size:50px}.elementor-widget-text-editor .elementor-drop-cap-letter{display:inline-block}<\/style>\t\t\t\t<p>N&#8217;h\u00e9sitez pas \u00e0 nous contacter si vous avez d&#8217;autres questions ou si vous avez besoin d&#8217;informations suppl\u00e9mentaires. Nous sommes l\u00e0 pour vous aider !<\/p>\t\t\t\t\t\t<\/div>\n\t\t\t\t<\/div>\n\t\t\t\t\t<\/div>\n\t\t\t\t<\/div>\n\t\t\t\t\t\t\t<\/div>\n\t\t","protected":false},"excerpt":{"rendered":"<p>Bienvenue sur le site de la CECITU (Chambre \u00e9conomique commerciale et industrielle Turco-Uemoa) Qu&#039;est-ce que la CECITU ? La CECITU est la Chambre \u00e9conomique commerciale et industrielle Turco-Uemoa. Elle est une organisation qui vise \u00e0 promouvoir et faciliter les \u00e9changes \u00e9conomiques, commerciaux et industriels entre la Turquie et les pays membres de l&#8217;UEMOA (Union \u00e9conomique [&hellip;]<\/p>\n","protected":false},"author":1,"featured_media":0,"parent":0,"menu_order":0,"comment_status":"closed","ping_status":"closed","template":"elementor_header_footer","meta":{"footnotes":""},"class_list":["post-6128","page","type-page","status-publish","hentry"],"_links":{"self":[{"href":"https:\/\/testplateformebj.com\/cecitu\/wp-json\/wp\/v2\/pages\/6128","targetHints":{"allow":["GET"]}}],"collection":[{"href":"https:\/\/testplateformebj.com\/cecitu\/wp-json\/wp\/v2\/pages"}],"about":[{"href":"https:\/\/testplateformebj.com\/cecitu\/wp-json\/wp\/v2\/types\/page"}],"author":[{"embeddable":true,"href":"https:\/\/testplateformebj.com\/cecitu\/wp-json\/wp\/v2\/users\/1"}],"replies":[{"embeddable":true,"href":"https:\/\/testplateformebj.com\/cecitu\/wp-json\/wp\/v2\/comments?post=6128"}],"version-history":[{"count":28,"href":"https:\/\/testplateformebj.com\/cecitu\/wp-json\/wp\/v2\/pages\/6128\/revisions"}],"predecessor-version":[{"id":6162,"href":"https:\/\/testplateformebj.com\/cecitu\/wp-json\/wp\/v2\/pages\/6128\/revisions\/6162"}],"wp:attachment":[{"href":"https:\/\/testplateformebj.com\/cecitu\/wp-json\/wp\/v2\/media?parent=6128"}],"curies":[{"name":"wp","href":"https:\/\/api.w.org\/{rel}","templated":true}]}}