{"id":2130,"date":"2021-08-28T13:36:15","date_gmt":"2021-08-28T13:36:15","guid":{"rendered":"https:\/\/tplabs.co\/izeetak\/?page_id=2130"},"modified":"2025-07-04T16:09:59","modified_gmt":"2025-07-04T14:09:59","slug":"projects","status":"publish","type":"page","link":"https:\/\/testplateformebj.com\/max\/gmb\/projects\/","title":{"rendered":"Projects"},"content":{"rendered":"\t\t<div data-elementor-type=\"wp-page\" data-elementor-id=\"2130\" class=\"elementor elementor-2130\" data-elementor-post-type=\"page\">\n\t\t\t\t<div class=\"elementor-element elementor-element-f28fa1b e-flex e-con-boxed e-con e-parent\" data-id=\"f28fa1b\" data-element_type=\"container\" data-settings=\"{&quot;background_background&quot;:&quot;classic&quot;}\">\n\t\t\t\t\t<div class=\"e-con-inner\">\n\t\t<div class=\"elementor-element elementor-element-673fa02 e-con-full e-flex e-con e-child\" data-id=\"673fa02\" data-element_type=\"container\">\n\t\t\t\t<div class=\"elementor-element elementor-element-1b505b1 elementor-widget elementor-widget-heading\" data-id=\"1b505b1\" data-element_type=\"widget\" data-widget_type=\"heading.default\">\n\t\t\t\t<div class=\"elementor-widget-container\">\n\t\t\t\t\t<h2 class=\"elementor-heading-title elementor-size-default\">Nos r\u00e9alisations<\/h2>\t\t\t\t<\/div>\n\t\t\t\t<\/div>\n\t\t\t\t<div class=\"elementor-element elementor-element-d96ab87 elementor-widget elementor-widget-text-editor\" data-id=\"d96ab87\" data-element_type=\"widget\" data-widget_type=\"text-editor.default\">\n\t\t\t\t<div class=\"elementor-widget-container\">\n\t\t\t\t\t\t\t\t\t<p>Nos r\u00e9alisations t\u00e9moignent de notre expertise<\/p>\t\t\t\t\t\t\t\t<\/div>\n\t\t\t\t<\/div>\n\t\t\t\t<\/div>\n\t\t<div class=\"elementor-element elementor-element-74ef97c e-con-full e-flex e-con e-child\" data-id=\"74ef97c\" data-element_type=\"container\">\n\t\t\t\t<\/div>\n\t\t\t\t\t<\/div>\n\t\t\t\t<\/div>\n\t\t\t\t<section class=\"elementor-section elementor-top-section elementor-element elementor-element-60f2aaf elementor-section-boxed elementor-section-height-default elementor-section-height-default\" data-id=\"60f2aaf\" data-element_type=\"section\">\n\t\t\t\t\t\t<div class=\"elementor-container elementor-column-gap-default\">\n\t\t\t\t\t<div class=\"elementor-column elementor-col-100 elementor-top-column elementor-element elementor-element-f748dc4\" data-id=\"f748dc4\" data-element_type=\"column\">\n\t\t\t<div class=\"elementor-widget-wrap elementor-element-populated\">\n\t\t\t\t\t\t<div class=\"elementor-element elementor-element-cad144b elementor-widget elementor-widget-mae-project-grid\" data-id=\"cad144b\" data-element_type=\"widget\" data-widget_type=\"mae-project-grid.default\">\n\t\t\t\t<div class=\"elementor-widget-container\">\n\t\t\t\t\t\n        <div class=\"master-portfolio\" data-config='{\"columns\":\"3,3,2,1\",\"gapHorizontal\":0,\"gapVertical\":30,\"layoutMode\":\"grid\"}'>\n            <div class=\"galleries cbp\">\n                                    \n                        <div class=\"cbp-item\">\n                            <div class=\"master-project style-2\">\n                            <a class=\"thumb\" href=\"https:\/\/testplateformebj.com\/max\/gmb\/project\/fourniture-de-materiels-et-prestations-de-services-informatiques\/\" aria-label=\"Fourniture de mat\u00e9riels et prestations de services informatiques\"><span class=\"inner\"><img data-opt-id=121966709  fetchpriority=\"high\" decoding=\"async\" width=\"370\" height=\"400\" src=\"https:\/\/mluwyn6dqnjn.i.optimole.com\/w:370\/h:400\/q:mauto\/rt:fill\/g:ce\/ig:avif\/https:\/\/testplateformebj.com\/max\/gmb\/wp-content\/uploads\/2025\/07\/gmb-prestation.jpg\" class=\"attachment-mae-std2 size-mae-std2 wp-post-image\" alt=\"\" \/><\/span><\/a><div class=\"content-wrap\"><h3 class=\"headline-2\"><a href=\"https:\/\/testplateformebj.com\/max\/gmb\/project\/fourniture-de-materiels-et-prestations-de-services-informatiques\/\">Fourniture de mat\u00e9riels et prestations de services informatiques<\/a><\/h3>        <a aria-label=\"button\" class=\"arrow\" href=\"https:\/\/testplateformebj.com\/max\/gmb\/project\/fourniture-de-materiels-et-prestations-de-services-informatiques\/\">\n            <i aria-hidden=\"true\" class=\"ci ci-right-arrow\"><\/i>        <\/a>\n        <\/div>        <a aria-label=\"button\" class=\"arrow\" href=\"https:\/\/testplateformebj.com\/max\/gmb\/project\/fourniture-de-materiels-et-prestations-de-services-informatiques\/\">\n            <i aria-hidden=\"true\" class=\"ci ci-right-arrow\"><\/i>        <\/a>\n                                    <\/div>\n                        <\/div>\n                    \n                        <div class=\"cbp-item\">\n                            <div class=\"master-project style-2\">\n                            <a class=\"thumb\" href=\"https:\/\/testplateformebj.com\/max\/gmb\/project\/fourniture-et-prestation-de-service-en-contrat-sous-traite\/\" aria-label=\"Fourniture et prestation de service en contrat sous-trait\u00e9\"><span class=\"inner\"><img data-opt-id=1930785433  fetchpriority=\"high\" decoding=\"async\" width=\"370\" height=\"400\" src=\"https:\/\/mluwyn6dqnjn.i.optimole.com\/w:370\/h:400\/q:mauto\/rt:fill\/g:ce\/ig:avif\/https:\/\/testplateformebj.com\/max\/gmb\/wp-content\/uploads\/2025\/07\/gmb-contrat1.jpg\" class=\"attachment-mae-std2 size-mae-std2 wp-post-image\" alt=\"\" \/><\/span><\/a><div class=\"content-wrap\"><h3 class=\"headline-2\"><a href=\"https:\/\/testplateformebj.com\/max\/gmb\/project\/fourniture-et-prestation-de-service-en-contrat-sous-traite\/\">Fourniture et prestation de service en contrat sous-trait\u00e9<\/a><\/h3>        <a aria-label=\"button\" class=\"arrow\" href=\"https:\/\/testplateformebj.com\/max\/gmb\/project\/fourniture-et-prestation-de-service-en-contrat-sous-traite\/\">\n            <i aria-hidden=\"true\" class=\"ci ci-right-arrow\"><\/i>        <\/a>\n        <\/div>        <a aria-label=\"button\" class=\"arrow\" href=\"https:\/\/testplateformebj.com\/max\/gmb\/project\/fourniture-et-prestation-de-service-en-contrat-sous-traite\/\">\n            <i aria-hidden=\"true\" class=\"ci ci-right-arrow\"><\/i>        <\/a>\n                                    <\/div>\n                        <\/div>\n                    \n                        <div class=\"cbp-item\">\n                            <div class=\"master-project style-2\">\n                            <a class=\"thumb\" href=\"https:\/\/testplateformebj.com\/max\/gmb\/project\/contrat-de-maintenance-informatique-et-fourniture-de-consommables-informatiques\/\" aria-label=\"Contrat de maintenance informatique et fourniture de consommables informatiques\"><span class=\"inner\"><img data-opt-id=1104842586  data-opt-src=\"https:\/\/mluwyn6dqnjn.i.optimole.com\/w:370\/h:400\/q:mauto\/rt:fill\/g:ce\/ig:avif\/https:\/\/testplateformebj.com\/max\/gmb\/wp-content\/uploads\/2025\/07\/gmb-contract.jpg\"  decoding=\"async\" width=\"370\" height=\"400\" src=\"data:image/svg+xml,%3Csvg%20viewBox%3D%220%200%20370%20400%22%20width%3D%22370%22%20height%3D%22400%22%20xmlns%3D%22http%3A%2F%2Fwww.w3.org%2F2000%2Fsvg%22%3E%3Crect%20width%3D%22370%22%20height%3D%22400%22%20fill%3D%22transparent%22%2F%3E%3C%2Fsvg%3E\" class=\"attachment-mae-std2 size-mae-std2 wp-post-image\" alt=\"\" \/><\/span><\/a><div class=\"content-wrap\"><h3 class=\"headline-2\"><a href=\"https:\/\/testplateformebj.com\/max\/gmb\/project\/contrat-de-maintenance-informatique-et-fourniture-de-consommables-informatiques\/\">Contrat de maintenance informatique et fourniture de consommables informatiques<\/a><\/h3>        <a aria-label=\"button\" class=\"arrow\" href=\"https:\/\/testplateformebj.com\/max\/gmb\/project\/contrat-de-maintenance-informatique-et-fourniture-de-consommables-informatiques\/\">\n            <i aria-hidden=\"true\" class=\"ci ci-right-arrow\"><\/i>        <\/a>\n        <\/div>        <a aria-label=\"button\" class=\"arrow\" href=\"https:\/\/testplateformebj.com\/max\/gmb\/project\/contrat-de-maintenance-informatique-et-fourniture-de-consommables-informatiques\/\">\n            <i aria-hidden=\"true\" class=\"ci ci-right-arrow\"><\/i>        <\/a>\n                                    <\/div>\n                        <\/div>\n                    \n                        <div class=\"cbp-item\">\n                            <div class=\"master-project style-2\">\n                            <a class=\"thumb\" href=\"https:\/\/testplateformebj.com\/max\/gmb\/project\/fourniture-dequipement-et-maintenance-informatique\/\" aria-label=\"Fourniture d\u2019\u00e9quipement et maintenance informatique\"><span class=\"inner\"><img data-opt-id=1914717729  data-opt-src=\"https:\/\/mluwyn6dqnjn.i.optimole.com\/w:370\/h:400\/q:mauto\/rt:fill\/g:ce\/ig:avif\/https:\/\/testplateformebj.com\/max\/gmb\/wp-content\/uploads\/2025\/07\/gmb-maintenance1.jpg\"  loading=\"lazy\" decoding=\"async\" width=\"370\" height=\"400\" src=\"data:image/svg+xml,%3Csvg%20viewBox%3D%220%200%20370%20400%22%20width%3D%22370%22%20height%3D%22400%22%20xmlns%3D%22http%3A%2F%2Fwww.w3.org%2F2000%2Fsvg%22%3E%3Crect%20width%3D%22370%22%20height%3D%22400%22%20fill%3D%22transparent%22%2F%3E%3C%2Fsvg%3E\" class=\"attachment-mae-std2 size-mae-std2 wp-post-image\" alt=\"\" \/><\/span><\/a><div class=\"content-wrap\"><h3 class=\"headline-2\"><a href=\"https:\/\/testplateformebj.com\/max\/gmb\/project\/fourniture-dequipement-et-maintenance-informatique\/\">Fourniture d\u2019\u00e9quipement et maintenance informatique<\/a><\/h3>        <a aria-label=\"button\" class=\"arrow\" href=\"https:\/\/testplateformebj.com\/max\/gmb\/project\/fourniture-dequipement-et-maintenance-informatique\/\">\n            <i aria-hidden=\"true\" class=\"ci ci-right-arrow\"><\/i>        <\/a>\n        <\/div>        <a aria-label=\"button\" class=\"arrow\" href=\"https:\/\/testplateformebj.com\/max\/gmb\/project\/fourniture-dequipement-et-maintenance-informatique\/\">\n            <i aria-hidden=\"true\" class=\"ci ci-right-arrow\"><\/i>        <\/a>\n                                    <\/div>\n                        <\/div>\n                    \n                        <div class=\"cbp-item\">\n                            <div class=\"master-project style-2\">\n                            <a class=\"thumb\" href=\"https:\/\/testplateformebj.com\/max\/gmb\/project\/fourniture-dencres-pour-imprimantes\/\" aria-label=\"Fourniture d\u2019encres pour imprimantes\"><span class=\"inner\"><img data-opt-id=1644682104  data-opt-src=\"https:\/\/mluwyn6dqnjn.i.optimole.com\/w:370\/h:400\/q:mauto\/rt:fill\/g:ce\/ig:avif\/https:\/\/testplateformebj.com\/max\/gmb\/wp-content\/uploads\/2025\/07\/gmb-encres.jpg\"  loading=\"lazy\" decoding=\"async\" width=\"370\" height=\"400\" src=\"data:image/svg+xml,%3Csvg%20viewBox%3D%220%200%20370%20400%22%20width%3D%22370%22%20height%3D%22400%22%20xmlns%3D%22http%3A%2F%2Fwww.w3.org%2F2000%2Fsvg%22%3E%3Crect%20width%3D%22370%22%20height%3D%22400%22%20fill%3D%22transparent%22%2F%3E%3C%2Fsvg%3E\" class=\"attachment-mae-std2 size-mae-std2 wp-post-image\" alt=\"\" \/><\/span><\/a><div class=\"content-wrap\"><h3 class=\"headline-2\"><a href=\"https:\/\/testplateformebj.com\/max\/gmb\/project\/fourniture-dencres-pour-imprimantes\/\">Fourniture d\u2019encres pour imprimantes<\/a><\/h3>        <a aria-label=\"button\" class=\"arrow\" href=\"https:\/\/testplateformebj.com\/max\/gmb\/project\/fourniture-dencres-pour-imprimantes\/\">\n            <i aria-hidden=\"true\" class=\"ci ci-right-arrow\"><\/i>        <\/a>\n        <\/div>        <a aria-label=\"button\" class=\"arrow\" href=\"https:\/\/testplateformebj.com\/max\/gmb\/project\/fourniture-dencres-pour-imprimantes\/\">\n            <i aria-hidden=\"true\" class=\"ci ci-right-arrow\"><\/i>        <\/a>\n                                    <\/div>\n                        <\/div>\n                    \n                        <div class=\"cbp-item\">\n                            <div class=\"master-project style-2\">\n                            <a class=\"thumb\" href=\"https:\/\/testplateformebj.com\/max\/gmb\/project\/fourniture-de-bureau-et-consommables-informatiques\/\" aria-label=\"Fourniture de bureau et consommables informatiques\"><span class=\"inner\"><img data-opt-id=1938475365  data-opt-src=\"https:\/\/mluwyn6dqnjn.i.optimole.com\/w:370\/h:400\/q:mauto\/rt:fill\/g:ce\/ig:avif\/https:\/\/testplateformebj.com\/max\/gmb\/wp-content\/uploads\/2025\/07\/fourniture.jpg\"  loading=\"lazy\" decoding=\"async\" width=\"370\" height=\"400\" src=\"data:image/svg+xml,%3Csvg%20viewBox%3D%220%200%20370%20400%22%20width%3D%22370%22%20height%3D%22400%22%20xmlns%3D%22http%3A%2F%2Fwww.w3.org%2F2000%2Fsvg%22%3E%3Crect%20width%3D%22370%22%20height%3D%22400%22%20fill%3D%22transparent%22%2F%3E%3C%2Fsvg%3E\" class=\"attachment-mae-std2 size-mae-std2 wp-post-image\" alt=\"\" \/><\/span><\/a><div class=\"content-wrap\"><h3 class=\"headline-2\"><a href=\"https:\/\/testplateformebj.com\/max\/gmb\/project\/fourniture-de-bureau-et-consommables-informatiques\/\">Fourniture de bureau et consommables informatiques<\/a><\/h3>        <a aria-label=\"button\" class=\"arrow\" href=\"https:\/\/testplateformebj.com\/max\/gmb\/project\/fourniture-de-bureau-et-consommables-informatiques\/\">\n            <i aria-hidden=\"true\" class=\"ci ci-right-arrow\"><\/i>        <\/a>\n        <\/div>        <a aria-label=\"button\" class=\"arrow\" href=\"https:\/\/testplateformebj.com\/max\/gmb\/project\/fourniture-de-bureau-et-consommables-informatiques\/\">\n            <i aria-hidden=\"true\" class=\"ci ci-right-arrow\"><\/i>        <\/a>\n                                    <\/div>\n                        <\/div>\n                                <\/div><!-- galleries -->\n        <\/div><!-- master-portfolio -->\n        \t\t\t\t<\/div>\n\t\t\t\t<\/div>\n\t\t\t\t\t<\/div>\n\t\t<\/div>\n\t\t\t\t\t<\/div>\n\t\t<\/section>\n\t\t\t\t<\/div>\n\t\t","protected":false},"excerpt":{"rendered":"<p>Nos r\u00e9alisations Nos r\u00e9alisations t\u00e9moignent de notre expertise Fourniture de mat\u00e9riels et prestations de services informatiques Fourniture et prestation de service en contrat sous-trait\u00e9 Contrat de maintenance informatique et fourniture de consommables informatiques Fourniture d\u2019\u00e9quipement et maintenance informatique Fourniture d\u2019encres pour imprimantes Fourniture de bureau et consommables informatiques<\/p>\n","protected":false},"author":1,"featured_media":0,"parent":0,"menu_order":0,"comment_status":"closed","ping_status":"closed","template":"","meta":{"_acf_changed":false,"om_disable_all_campaigns":false,"_monsterinsights_skip_tracking":false,"_monsterinsights_sitenote_active":false,"_monsterinsights_sitenote_note":"","_monsterinsights_sitenote_category":0,"_uf_show_specific_survey":0,"_uf_disable_surveys":false,"footnotes":""},"class_list":["post-2130","page","type-page","status-publish","hentry"],"aioseo_notices":[],"acf":[],"jetpack_sharing_enabled":true,"_links":{"self":[{"href":"https:\/\/testplateformebj.com\/max\/gmb\/wp-json\/wp\/v2\/pages\/2130","targetHints":{"allow":["GET"]}}],"collection":[{"href":"https:\/\/testplateformebj.com\/max\/gmb\/wp-json\/wp\/v2\/pages"}],"about":[{"href":"https:\/\/testplateformebj.com\/max\/gmb\/wp-json\/wp\/v2\/types\/page"}],"author":[{"embeddable":true,"href":"https:\/\/testplateformebj.com\/max\/gmb\/wp-json\/wp\/v2\/users\/1"}],"replies":[{"embeddable":true,"href":"https:\/\/testplateformebj.com\/max\/gmb\/wp-json\/wp\/v2\/comments?post=2130"}],"version-history":[{"count":21,"href":"https:\/\/testplateformebj.com\/max\/gmb\/wp-json\/wp\/v2\/pages\/2130\/revisions"}],"predecessor-version":[{"id":5303,"href":"https:\/\/testplateformebj.com\/max\/gmb\/wp-json\/wp\/v2\/pages\/2130\/revisions\/5303"}],"wp:attachment":[{"href":"https:\/\/testplateformebj.com\/max\/gmb\/wp-json\/wp\/v2\/media?parent=2130"}],"curies":[{"name":"wp","href":"https:\/\/api.w.org\/{rel}","templated":true}]}}