{"id":2212,"date":"2021-10-07T08:32:13","date_gmt":"2021-10-07T08:32:13","guid":{"rendered":"https:\/\/tplabs.co\/izeetak\/?page_id=2212"},"modified":"2025-07-08T22:53:30","modified_gmt":"2025-07-08T20:53:30","slug":"services","status":"publish","type":"page","link":"https:\/\/testplateformebj.com\/max\/gmb\/services\/","title":{"rendered":"Services"},"content":{"rendered":"\t\t<div data-elementor-type=\"wp-page\" data-elementor-id=\"2212\" class=\"elementor elementor-2212\" data-elementor-post-type=\"page\">\n\t\t\t\t<div class=\"elementor-element elementor-element-510ad78 e-flex e-con-boxed e-con e-parent\" data-id=\"510ad78\" data-element_type=\"container\" data-settings=\"{&quot;background_background&quot;:&quot;classic&quot;}\">\n\t\t\t\t\t<div class=\"e-con-inner\">\n\t\t<div class=\"elementor-element elementor-element-17c4dc3 e-con-full e-flex e-con e-child\" data-id=\"17c4dc3\" data-element_type=\"container\">\n\t\t\t\t<div class=\"elementor-element elementor-element-a71a96f elementor-widget elementor-widget-heading\" data-id=\"a71a96f\" data-element_type=\"widget\" data-widget_type=\"heading.default\">\n\t\t\t\t<div class=\"elementor-widget-container\">\n\t\t\t\t\t<h2 class=\"elementor-heading-title elementor-size-default\">Nos services <\/h2>\t\t\t\t<\/div>\n\t\t\t\t<\/div>\n\t\t\t\t<div class=\"elementor-element elementor-element-5c495fe elementor-widget elementor-widget-text-editor\" data-id=\"5c495fe\" data-element_type=\"widget\" data-widget_type=\"text-editor.default\">\n\t\t\t\t<div class=\"elementor-widget-container\">\n\t\t\t\t\t\t\t\t\t<p>Ce que nous faisons pour votre bonheur<\/p>\t\t\t\t\t\t\t\t<\/div>\n\t\t\t\t<\/div>\n\t\t\t\t<\/div>\n\t\t<div class=\"elementor-element elementor-element-ad848bd e-con-full e-flex e-con e-child\" data-id=\"ad848bd\" data-element_type=\"container\">\n\t\t\t\t<\/div>\n\t\t\t\t\t<\/div>\n\t\t\t\t<\/div>\n\t\t\t\t<section class=\"elementor-section elementor-top-section elementor-element elementor-element-1e53c4a elementor-section-boxed elementor-section-height-default elementor-section-height-default\" data-id=\"1e53c4a\" data-element_type=\"section\">\n\t\t\t\t\t\t<div class=\"elementor-container elementor-column-gap-no\">\n\t\t\t\t\t<div class=\"elementor-column elementor-col-100 elementor-top-column elementor-element elementor-element-44624df\" data-id=\"44624df\" data-element_type=\"column\">\n\t\t\t<div class=\"elementor-widget-wrap elementor-element-populated\">\n\t\t\t\t\t\t<div class=\"elementor-element elementor-element-2377aa7 elementor-widget elementor-widget-spacer\" data-id=\"2377aa7\" data-element_type=\"widget\" data-widget_type=\"spacer.default\">\n\t\t\t\t<div class=\"elementor-widget-container\">\n\t\t\t\t\t\t\t<div class=\"elementor-spacer\">\n\t\t\t<div class=\"elementor-spacer-inner\"><\/div>\n\t\t<\/div>\n\t\t\t\t\t\t<\/div>\n\t\t\t\t<\/div>\n\t\t\t\t<section class=\"elementor-section elementor-inner-section elementor-element elementor-element-15fce06 elementor-section-content-middle elementor-section-boxed elementor-section-height-default elementor-section-height-default\" data-id=\"15fce06\" data-element_type=\"section\">\n\t\t\t\t\t\t<div class=\"elementor-container elementor-column-gap-default\">\n\t\t\t\t\t<div class=\"elementor-column elementor-col-50 elementor-inner-column elementor-element elementor-element-8a26a71\" data-id=\"8a26a71\" data-element_type=\"column\">\n\t\t\t<div class=\"elementor-widget-wrap elementor-element-populated\">\n\t\t\t\t\t\t<div class=\"elementor-element elementor-element-2d402f6 elementor-widget__width-initial heading-style-1 elementor-widget elementor-widget-mae-headings\" data-id=\"2d402f6\" data-element_type=\"widget\" data-widget_type=\"mae-headings.default\">\n\t\t\t\t<div class=\"elementor-widget-container\">\n\t\t\t\t\t\t\t<div class=\"master-heading sep-none\">\n\t\t\t\t        \t        \t<div class=\"pre-heading\"><span class=\"line\"><span class=\"inner\"><\/span><\/span>10 ans d'exp\u00e9rience<\/div>\n\t        \n\t        \n\t        \t        <h2 class=\"main-heading\">Solutions Globales en Informatique, Logistique et Services aux Entreprises<\/h2>\n\t        \n\t        \n\t        \t    <\/div>\n\t    \t\t\t\t<\/div>\n\t\t\t\t<\/div>\n\t\t\t\t\t<\/div>\n\t\t<\/div>\n\t\t\t\t<div class=\"elementor-column elementor-col-50 elementor-inner-column elementor-element elementor-element-a01c2c7\" data-id=\"a01c2c7\" data-element_type=\"column\">\n\t\t\t<div class=\"elementor-widget-wrap elementor-element-populated\">\n\t\t\t\t\t\t<div class=\"elementor-element elementor-element-18f508a elementor-widget elementor-widget-text-editor\" data-id=\"18f508a\" data-element_type=\"widget\" data-widget_type=\"text-editor.default\">\n\t\t\t\t<div class=\"elementor-widget-container\">\n\t\t\t\t\t\t\t\t\t<p>D\u00e9couvrez nos services de <strong>conseil informatique et r\u00e9seaux<\/strong> pour entreprises : infrastructure, s\u00e9curit\u00e9, transformation digitale, et solutions sur mesure.<\/p>\t\t\t\t\t\t\t\t<\/div>\n\t\t\t\t<\/div>\n\t\t\t\t\t<\/div>\n\t\t<\/div>\n\t\t\t\t\t<\/div>\n\t\t<\/section>\n\t\t\t\t\t<\/div>\n\t\t<\/div>\n\t\t\t\t\t<\/div>\n\t\t<\/section>\n\t\t\t\t<section class=\"elementor-section elementor-top-section elementor-element elementor-element-b2059eb elementor-section-boxed elementor-section-height-default elementor-section-height-default\" data-id=\"b2059eb\" data-element_type=\"section\" data-settings=\"{&quot;background_background&quot;:&quot;classic&quot;}\">\n\t\t\t\t\t\t<div class=\"elementor-container elementor-column-gap-default\">\n\t\t\t\t\t<div class=\"elementor-column elementor-col-33 elementor-top-column elementor-element elementor-element-68138da\" data-id=\"68138da\" data-element_type=\"column\">\n\t\t\t<div class=\"elementor-widget-wrap elementor-element-populated\">\n\t\t\t\t\t\t<div class=\"elementor-element elementor-element-b675e55 image-box-style-3 elementor-widget elementor-widget-mae-image-box\" data-id=\"b675e55\" data-element_type=\"widget\" data-widget_type=\"mae-image-box.default\">\n\t\t\t\t<div class=\"elementor-widget-container\">\n\t\t\t\t\t        <div class=\"master-image-box \">\n            <div class=\"thumb\"><div class=\"inner\"><img data-opt-id=553769344  fetchpriority=\"high\" decoding=\"async\" width=\"370\" height=\"173\" src=\"https:\/\/mluwyn6dqnjn.i.optimole.com\/w:auto\/h:auto\/q:mauto\/ig:avif\/https:\/\/testplateformebj.com\/max\/gmb\/wp-content\/uploads\/2025\/06\/solutions-13454_640-1.jpg\" class=\"attachment-full size-full\" alt=\"\" srcset=\"https:\/\/mluwyn6dqnjn.i.optimole.com\/w:370\/h:173\/q:mauto\/ig:avif\/https:\/\/testplateformebj.com\/max\/gmb\/wp-content\/uploads\/2025\/06\/solutions-13454_640-1.jpg 370w, https:\/\/mluwyn6dqnjn.i.optimole.com\/w:300\/h:140\/q:mauto\/ig:avif\/https:\/\/testplateformebj.com\/max\/gmb\/wp-content\/uploads\/2025\/06\/solutions-13454_640-1.jpg 300w\" sizes=\"(max-width: 370px) 100vw, 370px\" \/><\/div><\/div>\n            <div class=\"content-wrap\">\n                <h3 class=\"headline-2\">Solutions informatiques sur mesure<\/h3>            <div class=\"url-wrap\">\n                <a class=\"master-link  icon-right\" href=\"https:\/\/testplateformebj.com\/max\/gmb\/solutions-informatiques-sur-mesure\/\" >\n                                        <span>Plus de d\u00e9tail<\/span>\n                    <span class=\"icon ci-right-arrow1\"><\/span>                <\/a>\n            <\/div>\n\n                        <\/div>\n        <\/div>\n\n        \t\t\t\t<\/div>\n\t\t\t\t<\/div>\n\t\t\t\t\t<\/div>\n\t\t<\/div>\n\t\t\t\t<div class=\"elementor-column elementor-col-33 elementor-top-column elementor-element elementor-element-19b6cb8\" data-id=\"19b6cb8\" data-element_type=\"column\">\n\t\t\t<div class=\"elementor-widget-wrap elementor-element-populated\">\n\t\t\t\t\t\t<div class=\"elementor-element elementor-element-00a332b image-box-style-3 elementor-widget elementor-widget-mae-image-box\" data-id=\"00a332b\" data-element_type=\"widget\" data-widget_type=\"mae-image-box.default\">\n\t\t\t\t<div class=\"elementor-widget-container\">\n\t\t\t\t\t        <div class=\"master-image-box \">\n            <div class=\"thumb\"><div class=\"inner\"><img data-opt-id=896575377  fetchpriority=\"high\" decoding=\"async\" width=\"370\" height=\"173\" src=\"https:\/\/mluwyn6dqnjn.i.optimole.com\/w:auto\/h:auto\/q:mauto\/ig:avif\/https:\/\/testplateformebj.com\/max\/gmb\/wp-content\/uploads\/2025\/06\/service-428540_640-1.jpg\" class=\"attachment-full size-full\" alt=\"\" srcset=\"https:\/\/mluwyn6dqnjn.i.optimole.com\/w:370\/h:173\/q:mauto\/ig:avif\/https:\/\/testplateformebj.com\/max\/gmb\/wp-content\/uploads\/2025\/06\/service-428540_640-1.jpg 370w, https:\/\/mluwyn6dqnjn.i.optimole.com\/w:300\/h:140\/q:mauto\/ig:avif\/https:\/\/testplateformebj.com\/max\/gmb\/wp-content\/uploads\/2025\/06\/service-428540_640-1.jpg 300w\" sizes=\"(max-width: 370px) 100vw, 370px\" \/><\/div><\/div>\n            <div class=\"content-wrap\">\n                <h3 class=\"headline-2\">\u00c9quipements IT, r\u00e9seaux \/ \u00e9lectricit\u00e9<\/h3>            <div class=\"url-wrap\">\n                <a class=\"master-link  icon-right\" href=\"https:\/\/testplateformebj.com\/max\/gmb\/equipement-it\/\" >\n                                        <span>Plus de d\u00e9tail<\/span>\n                    <span class=\"icon ci-right-arrow1\"><\/span>                <\/a>\n            <\/div>\n\n                        <\/div>\n        <\/div>\n\n        \t\t\t\t<\/div>\n\t\t\t\t<\/div>\n\t\t\t\t\t<\/div>\n\t\t<\/div>\n\t\t\t\t<div class=\"elementor-column elementor-col-33 elementor-top-column elementor-element elementor-element-4346886\" data-id=\"4346886\" data-element_type=\"column\">\n\t\t\t<div class=\"elementor-widget-wrap elementor-element-populated\">\n\t\t\t\t\t\t<div class=\"elementor-element elementor-element-e2f532f image-box-style-3 elementor-widget elementor-widget-mae-image-box\" data-id=\"e2f532f\" data-element_type=\"widget\" data-widget_type=\"mae-image-box.default\">\n\t\t\t\t<div class=\"elementor-widget-container\">\n\t\t\t\t\t        <div class=\"master-image-box \">\n            <div class=\"thumb\"><div class=\"inner\"><img data-opt-id=349064446  data-opt-src=\"https:\/\/mluwyn6dqnjn.i.optimole.com\/w:auto\/h:auto\/q:mauto\/ig:avif\/https:\/\/testplateformebj.com\/max\/gmb\/wp-content\/uploads\/2025\/06\/imac-464737_1280.jpg\"  decoding=\"async\" width=\"370\" height=\"173\" src=\"data:image/svg+xml,%3Csvg%20viewBox%3D%220%200%20100%%20100%%22%20width%3D%22100%%22%20height%3D%22100%%22%20xmlns%3D%22http%3A%2F%2Fwww.w3.org%2F2000%2Fsvg%22%3E%3Crect%20width%3D%22100%%22%20height%3D%22100%%22%20fill%3D%22transparent%22%2F%3E%3C%2Fsvg%3E\" class=\"attachment-full size-full\" alt=\"\" old-srcset=\"https:\/\/mluwyn6dqnjn.i.optimole.com\/w:370\/h:173\/q:mauto\/ig:avif\/https:\/\/testplateformebj.com\/max\/gmb\/wp-content\/uploads\/2025\/06\/imac-464737_1280.jpg 370w, https:\/\/mluwyn6dqnjn.i.optimole.com\/w:300\/h:140\/q:mauto\/ig:avif\/https:\/\/testplateformebj.com\/max\/gmb\/wp-content\/uploads\/2025\/06\/imac-464737_1280.jpg 300w\" \/><\/div><\/div>\n            <div class=\"content-wrap\">\n                <h3 class=\"headline-2\">Audit postes et r\u00e9seaux LAN\/WAN<\/h3>            <div class=\"url-wrap\">\n                <a class=\"master-link  icon-right\" href=\"https:\/\/testplateformebj.com\/max\/gmb\/audit-post-reseaux\/\" >\n                                        <span>Plus de d\u00e9tail<\/span>\n                    <span class=\"icon ci-right-arrow1\"><\/span>                <\/a>\n            <\/div>\n\n                        <\/div>\n        <\/div>\n\n        \t\t\t\t<\/div>\n\t\t\t\t<\/div>\n\t\t\t\t\t<\/div>\n\t\t<\/div>\n\t\t\t\t\t<\/div>\n\t\t<\/section>\n\t\t<div class=\"elementor-element elementor-element-2afd57c e-flex e-con-boxed e-con e-parent\" data-id=\"2afd57c\" data-element_type=\"container\">\n\t\t\t\t\t<div class=\"e-con-inner\">\n\t\t<div class=\"elementor-element elementor-element-40f44d7 e-con-full e-flex e-con e-child\" data-id=\"40f44d7\" data-element_type=\"container\">\n\t\t\t\t<\/div>\n\t\t<div class=\"elementor-element elementor-element-93e8e7f e-con-full e-flex e-con e-child\" data-id=\"93e8e7f\" data-element_type=\"container\">\n\t\t\t\t<div class=\"elementor-element elementor-element-819df81 image-box-style-3 elementor-widget elementor-widget-mae-image-box\" data-id=\"819df81\" data-element_type=\"widget\" data-widget_type=\"mae-image-box.default\">\n\t\t\t\t<div class=\"elementor-widget-container\">\n\t\t\t\t\t        <div class=\"master-image-box \">\n            <div class=\"thumb\"><div class=\"inner\"><img data-opt-id=1413205590  data-opt-src=\"https:\/\/mluwyn6dqnjn.i.optimole.com\/w:auto\/h:auto\/q:mauto\/ig:avif\/https:\/\/testplateformebj.com\/max\/gmb\/wp-content\/uploads\/2025\/06\/reseaux-1-1.jpg\"  loading=\"lazy\" decoding=\"async\" width=\"370\" height=\"173\" src=\"data:image/svg+xml,%3Csvg%20viewBox%3D%220%200%20100%%20100%%22%20width%3D%22100%%22%20height%3D%22100%%22%20xmlns%3D%22http%3A%2F%2Fwww.w3.org%2F2000%2Fsvg%22%3E%3Crect%20width%3D%22100%%22%20height%3D%22100%%22%20fill%3D%22transparent%22%2F%3E%3C%2Fsvg%3E\" class=\"attachment-full size-full\" alt=\"\" old-srcset=\"https:\/\/mluwyn6dqnjn.i.optimole.com\/w:370\/h:173\/q:mauto\/ig:avif\/https:\/\/testplateformebj.com\/max\/gmb\/wp-content\/uploads\/2025\/06\/reseaux-1-1.jpg 370w, https:\/\/mluwyn6dqnjn.i.optimole.com\/w:300\/h:140\/q:mauto\/ig:avif\/https:\/\/testplateformebj.com\/max\/gmb\/wp-content\/uploads\/2025\/06\/reseaux-1-1.jpg 300w\" \/><\/div><\/div>\n            <div class=\"content-wrap\">\n                <h3 class=\"headline-2\">Solutions de communication pro<\/h3>            <div class=\"url-wrap\">\n                <a class=\"master-link  icon-right\" href=\"https:\/\/testplateformebj.com\/max\/gmb\/solutions-de-communication\/\" >\n                                        <span>Plus de d\u00e9tail<\/span>\n                    <span class=\"icon ci-right-arrow1\"><\/span>                <\/a>\n            <\/div>\n\n                        <\/div>\n        <\/div>\n\n        \t\t\t\t<\/div>\n\t\t\t\t<\/div>\n\t\t\t\t<\/div>\n\t\t<div class=\"elementor-element elementor-element-bc757ed e-con-full e-flex e-con e-child\" data-id=\"bc757ed\" data-element_type=\"container\">\n\t\t\t\t<div class=\"elementor-element elementor-element-a0d97d8 image-box-style-3 elementor-widget elementor-widget-mae-image-box\" data-id=\"a0d97d8\" data-element_type=\"widget\" data-widget_type=\"mae-image-box.default\">\n\t\t\t\t<div class=\"elementor-widget-container\">\n\t\t\t\t\t        <div class=\"master-image-box \">\n            <div class=\"thumb\"><div class=\"inner\"><img data-opt-id=681355841  data-opt-src=\"https:\/\/mluwyn6dqnjn.i.optimole.com\/w:auto\/h:auto\/q:mauto\/ig:avif\/https:\/\/testplateformebj.com\/max\/gmb\/wp-content\/uploads\/2025\/06\/classroom-2.jpg\"  loading=\"lazy\" decoding=\"async\" width=\"370\" height=\"173\" src=\"data:image/svg+xml,%3Csvg%20viewBox%3D%220%200%20100%%20100%%22%20width%3D%22100%%22%20height%3D%22100%%22%20xmlns%3D%22http%3A%2F%2Fwww.w3.org%2F2000%2Fsvg%22%3E%3Crect%20width%3D%22100%%22%20height%3D%22100%%22%20fill%3D%22transparent%22%2F%3E%3C%2Fsvg%3E\" class=\"attachment-full size-full\" alt=\"\" old-srcset=\"https:\/\/mluwyn6dqnjn.i.optimole.com\/w:370\/h:173\/q:mauto\/ig:avif\/https:\/\/testplateformebj.com\/max\/gmb\/wp-content\/uploads\/2025\/06\/classroom-2.jpg 370w, https:\/\/mluwyn6dqnjn.i.optimole.com\/w:300\/h:140\/q:mauto\/ig:avif\/https:\/\/testplateformebj.com\/max\/gmb\/wp-content\/uploads\/2025\/06\/classroom-2.jpg 300w\" \/><\/div><\/div>\n            <div class=\"content-wrap\">\n                <h3 class=\"headline-2\">Formations, conseil et assistance <\/h3>            <div class=\"url-wrap\">\n                <a class=\"master-link  icon-right\" href=\"https:\/\/testplateformebj.com\/max\/gmb\/formation\/\" >\n                                        <span>Plus de d\u00e9tail<\/span>\n                    <span class=\"icon ci-right-arrow1\"><\/span>                <\/a>\n            <\/div>\n\n                        <\/div>\n        <\/div>\n\n        \t\t\t\t<\/div>\n\t\t\t\t<\/div>\n\t\t\t\t<\/div>\n\t\t<div class=\"elementor-element elementor-element-e939e78 e-con-full e-flex e-con e-child\" data-id=\"e939e78\" data-element_type=\"container\">\n\t\t\t\t<\/div>\n\t\t\t\t\t<\/div>\n\t\t\t\t<\/div>\n\t\t\t\t<\/div>\n\t\t","protected":false},"excerpt":{"rendered":"<p>Nos services Ce que nous faisons pour votre bonheur 10 ans d&rsquo;exp\u00e9rience Solutions Globales en Informatique, Logistique et Services aux Entreprises D\u00e9couvrez nos services de conseil informatique et r\u00e9seaux pour entreprises : infrastructure, s\u00e9curit\u00e9, transformation digitale, et solutions sur mesure. Solutions informatiques sur mesure Plus de d\u00e9tail \u00c9quipements IT, r\u00e9seaux<\/p>\n","protected":false},"author":1,"featured_media":0,"parent":0,"menu_order":0,"comment_status":"closed","ping_status":"closed","template":"","meta":{"_acf_changed":false,"om_disable_all_campaigns":false,"_monsterinsights_skip_tracking":false,"_monsterinsights_sitenote_active":false,"_monsterinsights_sitenote_note":"","_monsterinsights_sitenote_category":0,"_uf_show_specific_survey":0,"_uf_disable_surveys":false,"footnotes":""},"class_list":["post-2212","page","type-page","status-publish","hentry"],"aioseo_notices":[],"acf":[],"jetpack_sharing_enabled":true,"_links":{"self":[{"href":"https:\/\/testplateformebj.com\/max\/gmb\/wp-json\/wp\/v2\/pages\/2212","targetHints":{"allow":["GET"]}}],"collection":[{"href":"https:\/\/testplateformebj.com\/max\/gmb\/wp-json\/wp\/v2\/pages"}],"about":[{"href":"https:\/\/testplateformebj.com\/max\/gmb\/wp-json\/wp\/v2\/types\/page"}],"author":[{"embeddable":true,"href":"https:\/\/testplateformebj.com\/max\/gmb\/wp-json\/wp\/v2\/users\/1"}],"replies":[{"embeddable":true,"href":"https:\/\/testplateformebj.com\/max\/gmb\/wp-json\/wp\/v2\/comments?post=2212"}],"version-history":[{"count":88,"href":"https:\/\/testplateformebj.com\/max\/gmb\/wp-json\/wp\/v2\/pages\/2212\/revisions"}],"predecessor-version":[{"id":5459,"href":"https:\/\/testplateformebj.com\/max\/gmb\/wp-json\/wp\/v2\/pages\/2212\/revisions\/5459"}],"wp:attachment":[{"href":"https:\/\/testplateformebj.com\/max\/gmb\/wp-json\/wp\/v2\/media?parent=2212"}],"curies":[{"name":"wp","href":"https:\/\/api.w.org\/{rel}","templated":true}]}}