{"id":4953,"date":"2025-06-20T19:16:56","date_gmt":"2025-06-20T17:16:56","guid":{"rendered":"https:\/\/testplateformebj.com\/max\/gmb\/?page_id=4953"},"modified":"2025-07-01T14:44:54","modified_gmt":"2025-07-01T12:44:54","slug":"equipement-it","status":"publish","type":"page","link":"https:\/\/testplateformebj.com\/max\/gmb\/equipement-it\/","title":{"rendered":"\u00c9quipements IT"},"content":{"rendered":"\t\t<div data-elementor-type=\"wp-page\" data-elementor-id=\"4953\" class=\"elementor elementor-4953\" data-elementor-post-type=\"page\">\n\t\t\t\t<div class=\"elementor-element elementor-element-1dcbbbc e-flex e-con-boxed e-con e-parent\" data-id=\"1dcbbbc\" data-element_type=\"container\" data-settings=\"{&quot;background_background&quot;:&quot;classic&quot;}\">\n\t\t\t\t\t<div class=\"e-con-inner\">\n\t\t<div class=\"elementor-element elementor-element-e5a85e9 e-con-full e-flex e-con e-child\" data-id=\"e5a85e9\" data-element_type=\"container\">\n\t\t\t\t<div class=\"elementor-element elementor-element-d26a2d8 elementor-widget elementor-widget-heading\" data-id=\"d26a2d8\" data-element_type=\"widget\" data-widget_type=\"heading.default\">\n\t\t\t\t<div class=\"elementor-widget-container\">\n\t\t\t\t\t<h2 class=\"elementor-heading-title elementor-size-default\"> \u00c9quipements IT, r\u00e9seaux et \u00e9lectricit\u00e9<\/h2>\t\t\t\t<\/div>\n\t\t\t\t<\/div>\n\t\t\t\t<div class=\"elementor-element elementor-element-fe8eef0 elementor-widget elementor-widget-text-editor\" data-id=\"fe8eef0\" data-element_type=\"widget\" data-widget_type=\"text-editor.default\">\n\t\t\t\t<div class=\"elementor-widget-container\">\n\t\t\t\t\t\t\t\t\t<p>\u00c9quipez vos espaces avec du mat\u00e9riel fiable et performant<\/p>\t\t\t\t\t\t\t\t<\/div>\n\t\t\t\t<\/div>\n\t\t\t\t<\/div>\n\t\t<div class=\"elementor-element elementor-element-e68b783 e-con-full e-flex e-con e-child\" data-id=\"e68b783\" data-element_type=\"container\">\n\t\t\t\t<\/div>\n\t\t\t\t\t<\/div>\n\t\t\t\t<\/div>\n\t\t<div class=\"elementor-element elementor-element-e046deb e-flex e-con-boxed e-con e-parent\" data-id=\"e046deb\" data-element_type=\"container\" data-settings=\"{&quot;background_background&quot;:&quot;classic&quot;}\">\n\t\t\t\t\t<div class=\"e-con-inner\">\n\t\t<div class=\"elementor-element elementor-element-0685a3f e-con-full e-flex e-con e-child\" data-id=\"0685a3f\" data-element_type=\"container\" data-settings=\"{&quot;background_background&quot;:&quot;classic&quot;}\">\n\t\t\t\t<\/div>\n\t\t<div class=\"elementor-element elementor-element-0985b9d e-con-full e-flex e-con e-child\" data-id=\"0985b9d\" data-element_type=\"container\">\n\t\t\t\t<div class=\"elementor-element elementor-element-17bb8af elementor-widget__width-initial elementor-widget elementor-widget-text-editor\" data-id=\"17bb8af\" data-element_type=\"widget\" data-widget_type=\"text-editor.default\">\n\t\t\t\t<div class=\"elementor-widget-container\">\n\t\t\t\t\t\t\t\t\t<p>Nous vous fournissons des \u00e9quipements IT de derni\u00e8re g\u00e9n\u00e9ration, des solutions r\u00e9seau robustes et des installations \u00e9lectriques professionnelles pour tous types d\u2019environnements.<\/p><p data-start=\"1774\" data-end=\"1863\">\u2705 <strong data-start=\"1776\" data-end=\"1801\">Mat\u00e9riel informatique<\/strong>\u00a0<br data-start=\"1803\" data-end=\"1806\" \/>Ordinateurs, serveurs, imprimantes, p\u00e9riph\u00e9riques, etc.<\/p><p data-start=\"1867\" data-end=\"1952\">\u2705 <strong data-start=\"1869\" data-end=\"1894\">Infrastructure r\u00e9seau<\/strong> :<br data-start=\"1896\" data-end=\"1899\" \/>C\u00e2blage, switchs, routeurs, baies de brassage, etc.<\/p><p data-start=\"1867\" data-end=\"1952\">\u2705 <strong data-start=\"1958\" data-end=\"1987\">Installations \u00e9lectriques<\/strong> :<br data-start=\"1989\" data-end=\"1992\" \/>Tableaux, protection, onduleurs, distribution s\u00e9curis\u00e9e.<\/p>\t\t\t\t\t\t\t\t<\/div>\n\t\t\t\t<\/div>\n\t\t\t\t<div class=\"elementor-element elementor-element-c9c01f2 elementor-align-center elementor-widget elementor-widget-button\" data-id=\"c9c01f2\" data-element_type=\"widget\" data-widget_type=\"button.default\">\n\t\t\t\t<div class=\"elementor-widget-container\">\n\t\t\t\t\t\t\t\t\t<div class=\"elementor-button-wrapper\">\n\t\t\t\t\t<a class=\"elementor-button elementor-button-link elementor-size-sm\" href=\"https:\/\/testplateformebj.com\/max\/gmb\/boutique\/\" target=\"_blank\">\n\t\t\t\t\t\t<span class=\"elementor-button-content-wrapper\">\n\t\t\t\t\t\t\t\t\t<span class=\"elementor-button-text\">Visitez notre boutique<\/span>\n\t\t\t\t\t<\/span>\n\t\t\t\t\t<\/a>\n\t\t\t\t<\/div>\n\t\t\t\t\t\t\t\t<\/div>\n\t\t\t\t<\/div>\n\t\t\t\t<\/div>\n\t\t\t\t\t<\/div>\n\t\t\t\t<\/div>\n\t\t<div class=\"elementor-element elementor-element-dab7b76 e-con-full e-flex e-con e-parent\" data-id=\"dab7b76\" data-element_type=\"container\" data-settings=\"{&quot;background_background&quot;:&quot;classic&quot;}\">\n\t\t\t\t<div class=\"elementor-element elementor-element-2577f76 elementor-cta--skin-cover elementor-animated-content elementor-bg-transform elementor-bg-transform-zoom-in elementor-widget elementor-widget-call-to-action\" data-id=\"2577f76\" data-element_type=\"widget\" data-widget_type=\"call-to-action.default\">\n\t\t\t\t<div class=\"elementor-widget-container\">\n\t\t\t\t\t\t\t<div class=\"elementor-cta\">\n\t\t\t\t\t<div class=\"elementor-cta__bg-wrapper\">\n\t\t\t\t<div class=\"elementor-cta__bg elementor-bg\" style=\"background-image: url(https:\/\/mluwyn6dqnjn.i.optimole.com\/w:1024\/h:617\/q:mauto\/ig:avif\/https:\/\/testplateformebj.com\/max\/gmb\/wp-content\/uploads\/2021\/08\/news-04.jpg.webp);\" role=\"img\" aria-label=\"news-04.jpg\"><\/div>\n\t\t\t\t<div class=\"elementor-cta__bg-overlay\"><\/div>\n\t\t\t<\/div>\n\t\t\t\t\t\t\t<div class=\"elementor-cta__content\">\n\t\t\t\t\n\t\t\t\t\t\t\t\t\t<h2 class=\"elementor-cta__title elementor-cta__content-item elementor-content-item elementor-animated-item--grow\">\n\t\t\t\t\t\tBesoin d\u2019une solution sur mesure\u202f?\t\t\t\t\t<\/h2>\n\t\t\t\t\n\t\t\t\t\t\t\t\t\t<div class=\"elementor-cta__description elementor-cta__content-item elementor-content-item elementor-animated-item--grow\">\n\t\t\t\t\t\tContactez-nous pour une \u00e9valuation gratuite\t\t\t\t\t<\/div>\n\t\t\t\t\n\t\t\t\t\t\t\t\t\t<div class=\"elementor-cta__button-wrapper elementor-cta__content-item elementor-content-item elementor-animated-item--grow\">\n\t\t\t\t\t<a class=\"elementor-cta__button elementor-button elementor-size-\" href=\"https:\/\/testplateformebj.com\/max\/gmb\/contact\/\">\n\t\t\t\t\t\tContactez-nous\t\t\t\t\t<\/a>\n\t\t\t\t\t<\/div>\n\t\t\t\t\t\t\t<\/div>\n\t\t\t\t\t\t<\/div>\n\t\t\t\t\t\t<\/div>\n\t\t\t\t<\/div>\n\t\t\t\t<\/div>\n\t\t\t\t<\/div>\n\t\t","protected":false},"excerpt":{"rendered":"<p>\u00c9quipements IT, r\u00e9seaux et \u00e9lectricit\u00e9 \u00c9quipez vos espaces avec du mat\u00e9riel fiable et performant Nous vous fournissons des \u00e9quipements IT de derni\u00e8re g\u00e9n\u00e9ration, des solutions r\u00e9seau robustes et des installations \u00e9lectriques professionnelles pour tous types d\u2019environnements. \u2705 Mat\u00e9riel informatique\u00a0Ordinateurs, serveurs, imprimantes, p\u00e9riph\u00e9riques, etc. \u2705 Infrastructure r\u00e9seau :C\u00e2blage, switchs, routeurs, baies<\/p>\n","protected":false},"author":1,"featured_media":0,"parent":0,"menu_order":0,"comment_status":"closed","ping_status":"closed","template":"","meta":{"_acf_changed":false,"om_disable_all_campaigns":false,"_monsterinsights_skip_tracking":false,"_monsterinsights_sitenote_active":false,"_monsterinsights_sitenote_note":"","_monsterinsights_sitenote_category":0,"_uf_show_specific_survey":0,"_uf_disable_surveys":false,"footnotes":""},"class_list":["post-4953","page","type-page","status-publish","hentry"],"aioseo_notices":[],"acf":[],"jetpack_sharing_enabled":true,"_links":{"self":[{"href":"https:\/\/testplateformebj.com\/max\/gmb\/wp-json\/wp\/v2\/pages\/4953","targetHints":{"allow":["GET"]}}],"collection":[{"href":"https:\/\/testplateformebj.com\/max\/gmb\/wp-json\/wp\/v2\/pages"}],"about":[{"href":"https:\/\/testplateformebj.com\/max\/gmb\/wp-json\/wp\/v2\/types\/page"}],"author":[{"embeddable":true,"href":"https:\/\/testplateformebj.com\/max\/gmb\/wp-json\/wp\/v2\/users\/1"}],"replies":[{"embeddable":true,"href":"https:\/\/testplateformebj.com\/max\/gmb\/wp-json\/wp\/v2\/comments?post=4953"}],"version-history":[{"count":19,"href":"https:\/\/testplateformebj.com\/max\/gmb\/wp-json\/wp\/v2\/pages\/4953\/revisions"}],"predecessor-version":[{"id":5196,"href":"https:\/\/testplateformebj.com\/max\/gmb\/wp-json\/wp\/v2\/pages\/4953\/revisions\/5196"}],"wp:attachment":[{"href":"https:\/\/testplateformebj.com\/max\/gmb\/wp-json\/wp\/v2\/media?parent=4953"}],"curies":[{"name":"wp","href":"https:\/\/api.w.org\/{rel}","templated":true}]}}