{"id":4987,"date":"2025-06-21T14:41:27","date_gmt":"2025-06-21T12:41:27","guid":{"rendered":"https:\/\/testplateformebj.com\/max\/gmb\/?page_id=4987"},"modified":"2025-06-24T21:26:40","modified_gmt":"2025-06-24T19:26:40","slug":"solutions-de-communication","status":"publish","type":"page","link":"https:\/\/testplateformebj.com\/max\/gmb\/solutions-de-communication\/","title":{"rendered":"Solutions de communication pro"},"content":{"rendered":"\t\t<div data-elementor-type=\"wp-page\" data-elementor-id=\"4987\" class=\"elementor elementor-4987\" data-elementor-post-type=\"page\">\n\t\t\t\t<div class=\"elementor-element elementor-element-1dcbbbc e-flex e-con-boxed e-con e-parent\" data-id=\"1dcbbbc\" data-element_type=\"container\" data-settings=\"{&quot;background_background&quot;:&quot;classic&quot;}\">\n\t\t\t\t\t<div class=\"e-con-inner\">\n\t\t<div class=\"elementor-element elementor-element-e5a85e9 e-con-full e-flex e-con e-child\" data-id=\"e5a85e9\" data-element_type=\"container\">\n\t\t\t\t<div class=\"elementor-element elementor-element-d26a2d8 elementor-widget elementor-widget-heading\" data-id=\"d26a2d8\" data-element_type=\"widget\" data-widget_type=\"heading.default\">\n\t\t\t\t<div class=\"elementor-widget-container\">\n\t\t\t\t\t<h2 class=\"elementor-heading-title elementor-size-default\">Solutions de communication professionnelle<\/h2>\t\t\t\t<\/div>\n\t\t\t\t<\/div>\n\t\t\t\t<div class=\"elementor-element elementor-element-fe8eef0 elementor-widget elementor-widget-text-editor\" data-id=\"fe8eef0\" data-element_type=\"widget\" data-widget_type=\"text-editor.default\">\n\t\t\t\t<div class=\"elementor-widget-container\">\n\t\t\t\t\t\t\t\t\t<p>Communiquez avec impact et coh\u00e9rence<\/p>\t\t\t\t\t\t\t\t<\/div>\n\t\t\t\t<\/div>\n\t\t\t\t<\/div>\n\t\t<div class=\"elementor-element elementor-element-e68b783 e-con-full e-flex e-con e-child\" data-id=\"e68b783\" data-element_type=\"container\">\n\t\t\t\t<\/div>\n\t\t\t\t\t<\/div>\n\t\t\t\t<\/div>\n\t\t<div class=\"elementor-element elementor-element-e046deb e-flex e-con-boxed e-con e-parent\" data-id=\"e046deb\" data-element_type=\"container\" data-settings=\"{&quot;background_background&quot;:&quot;classic&quot;}\">\n\t\t\t\t\t<div class=\"e-con-inner\">\n\t\t<div class=\"elementor-element elementor-element-0685a3f e-con-full e-flex e-con e-child\" data-id=\"0685a3f\" data-element_type=\"container\" data-settings=\"{&quot;background_background&quot;:&quot;classic&quot;}\">\n\t\t\t\t<\/div>\n\t\t<div class=\"elementor-element elementor-element-0985b9d e-con-full e-flex e-con e-child\" data-id=\"0985b9d\" data-element_type=\"container\">\n\t\t\t\t<div class=\"elementor-element elementor-element-17bb8af elementor-widget__width-initial elementor-widget elementor-widget-text-editor\" data-id=\"17bb8af\" data-element_type=\"widget\" data-widget_type=\"text-editor.default\">\n\t\t\t\t<div class=\"elementor-widget-container\">\n\t\t\t\t\t\t\t\t\t<p>\u00a0<\/p><p>Group MB vous aide \u00e0 construire une image forte gr\u00e2ce \u00e0 des outils de communication modernes et efficaces : branding, graphisme, strat\u00e9gie digitale, \u00e9v\u00e9nementiel&#8230;<\/p><p data-start=\"3386\" data-end=\"3474\">\u2705 <strong data-start=\"3388\" data-end=\"3414\">Communication visuelle<\/strong>\u00a0<br data-start=\"3416\" data-end=\"3419\" \/>Logos, affiches, supports imprim\u00e9s, charte graphique.<\/p><p data-start=\"3478\" data-end=\"3574\">\u2705 <strong data-start=\"3480\" data-end=\"3506\">Communication digitale<\/strong>\u00a0<br data-start=\"3508\" data-end=\"3511\" \/>R\u00e9seaux sociaux, sites web, emailing, campagnes sponsoris\u00e9es.<\/p><p data-start=\"3578\" data-end=\"3673\">\u2705 <strong data-start=\"3580\" data-end=\"3609\">Organisation d\u2019\u00e9v\u00e9nements<\/strong>\u00a0<br data-start=\"3611\" data-end=\"3614\" \/>S\u00e9minaires, conf\u00e9rences, lancements, logistique compl\u00e8te.<\/p>\t\t\t\t\t\t\t\t<\/div>\n\t\t\t\t<\/div>\n\t\t\t\t<\/div>\n\t\t\t\t\t<\/div>\n\t\t\t\t<\/div>\n\t\t<div class=\"elementor-element elementor-element-8bccf9a e-con-full e-flex e-con e-parent\" data-id=\"8bccf9a\" data-element_type=\"container\" data-settings=\"{&quot;background_background&quot;:&quot;classic&quot;}\">\n\t\t\t\t<div class=\"elementor-element elementor-element-4bbdea7 elementor-cta--skin-cover elementor-animated-content elementor-bg-transform elementor-bg-transform-zoom-in elementor-widget elementor-widget-call-to-action\" data-id=\"4bbdea7\" data-element_type=\"widget\" data-widget_type=\"call-to-action.default\">\n\t\t\t\t<div class=\"elementor-widget-container\">\n\t\t\t\t\t\t\t<div class=\"elementor-cta\">\n\t\t\t\t\t<div class=\"elementor-cta__bg-wrapper\">\n\t\t\t\t<div class=\"elementor-cta__bg elementor-bg\" style=\"background-image: url(https:\/\/mluwyn6dqnjn.i.optimole.com\/w:1024\/h:617\/q:mauto\/ig:avif\/https:\/\/testplateformebj.com\/max\/gmb\/wp-content\/uploads\/2021\/08\/news-04.jpg.webp);\" role=\"img\" aria-label=\"news-04.jpg\"><\/div>\n\t\t\t\t<div class=\"elementor-cta__bg-overlay\"><\/div>\n\t\t\t<\/div>\n\t\t\t\t\t\t\t<div class=\"elementor-cta__content\">\n\t\t\t\t\n\t\t\t\t\t\t\t\t\t<h2 class=\"elementor-cta__title elementor-cta__content-item elementor-content-item elementor-animated-item--grow\">\n\t\t\t\t\t\tBesoin d\u2019une solution sur mesure\u202f?\t\t\t\t\t<\/h2>\n\t\t\t\t\n\t\t\t\t\t\t\t\t\t<div class=\"elementor-cta__description elementor-cta__content-item elementor-content-item elementor-animated-item--grow\">\n\t\t\t\t\t\tContactez-nous pour une \u00e9valuation gratuite\t\t\t\t\t<\/div>\n\t\t\t\t\n\t\t\t\t\t\t\t\t\t<div class=\"elementor-cta__button-wrapper elementor-cta__content-item elementor-content-item elementor-animated-item--grow\">\n\t\t\t\t\t<a class=\"elementor-cta__button elementor-button elementor-size-\" href=\"https:\/\/testplateformebj.com\/max\/gmb\/contact\/\">\n\t\t\t\t\t\tContactez-nous\t\t\t\t\t<\/a>\n\t\t\t\t\t<\/div>\n\t\t\t\t\t\t\t<\/div>\n\t\t\t\t\t\t<\/div>\n\t\t\t\t\t\t<\/div>\n\t\t\t\t<\/div>\n\t\t\t\t<\/div>\n\t\t\t\t<\/div>\n\t\t","protected":false},"excerpt":{"rendered":"<p>Solutions de communication professionnelle Communiquez avec impact et coh\u00e9rence \u00a0 Group MB vous aide \u00e0 construire une image forte gr\u00e2ce \u00e0 des outils de communication modernes et efficaces : branding, graphisme, strat\u00e9gie digitale, \u00e9v\u00e9nementiel&#8230; \u2705 Communication visuelle\u00a0Logos, affiches, supports imprim\u00e9s, charte graphique. \u2705 Communication digitale\u00a0R\u00e9seaux sociaux, sites web, emailing, campagnes<\/p>\n","protected":false},"author":1,"featured_media":0,"parent":0,"menu_order":0,"comment_status":"closed","ping_status":"closed","template":"","meta":{"_acf_changed":false,"om_disable_all_campaigns":false,"_monsterinsights_skip_tracking":false,"_monsterinsights_sitenote_active":false,"_monsterinsights_sitenote_note":"","_monsterinsights_sitenote_category":0,"_uf_show_specific_survey":0,"_uf_disable_surveys":false,"footnotes":""},"class_list":["post-4987","page","type-page","status-publish","hentry"],"aioseo_notices":[],"acf":[],"jetpack_sharing_enabled":true,"_links":{"self":[{"href":"https:\/\/testplateformebj.com\/max\/gmb\/wp-json\/wp\/v2\/pages\/4987","targetHints":{"allow":["GET"]}}],"collection":[{"href":"https:\/\/testplateformebj.com\/max\/gmb\/wp-json\/wp\/v2\/pages"}],"about":[{"href":"https:\/\/testplateformebj.com\/max\/gmb\/wp-json\/wp\/v2\/types\/page"}],"author":[{"embeddable":true,"href":"https:\/\/testplateformebj.com\/max\/gmb\/wp-json\/wp\/v2\/users\/1"}],"replies":[{"embeddable":true,"href":"https:\/\/testplateformebj.com\/max\/gmb\/wp-json\/wp\/v2\/comments?post=4987"}],"version-history":[{"count":16,"href":"https:\/\/testplateformebj.com\/max\/gmb\/wp-json\/wp\/v2\/pages\/4987\/revisions"}],"predecessor-version":[{"id":5058,"href":"https:\/\/testplateformebj.com\/max\/gmb\/wp-json\/wp\/v2\/pages\/4987\/revisions\/5058"}],"wp:attachment":[{"href":"https:\/\/testplateformebj.com\/max\/gmb\/wp-json\/wp\/v2\/media?parent=4987"}],"curies":[{"name":"wp","href":"https:\/\/api.w.org\/{rel}","templated":true}]}}