{"id":5019,"date":"2025-06-24T20:54:06","date_gmt":"2025-06-24T18:54:06","guid":{"rendered":"https:\/\/testplateformebj.com\/max\/gmb\/?page_id=5019"},"modified":"2025-07-01T14:36:30","modified_gmt":"2025-07-01T12:36:30","slug":"formation","status":"publish","type":"page","link":"https:\/\/testplateformebj.com\/max\/gmb\/formation\/","title":{"rendered":"Formations, conseil et assistance"},"content":{"rendered":"\t\t<div data-elementor-type=\"wp-page\" data-elementor-id=\"5019\" class=\"elementor elementor-5019\" data-elementor-post-type=\"page\">\n\t\t\t\t<div class=\"elementor-element elementor-element-1dcbbbc e-flex e-con-boxed e-con e-parent\" data-id=\"1dcbbbc\" data-element_type=\"container\" data-settings=\"{&quot;background_background&quot;:&quot;classic&quot;}\">\n\t\t\t\t\t<div class=\"e-con-inner\">\n\t\t<div class=\"elementor-element elementor-element-e5a85e9 e-con-full e-flex e-con e-child\" data-id=\"e5a85e9\" data-element_type=\"container\">\n\t\t\t\t<div class=\"elementor-element elementor-element-d26a2d8 elementor-widget elementor-widget-heading\" data-id=\"d26a2d8\" data-element_type=\"widget\" data-widget_type=\"heading.default\">\n\t\t\t\t<div class=\"elementor-widget-container\">\n\t\t\t\t\t<h2 class=\"elementor-heading-title elementor-size-default\">Formations, conseil et assistance <\/h2>\t\t\t\t<\/div>\n\t\t\t\t<\/div>\n\t\t\t\t<div class=\"elementor-element elementor-element-fe8eef0 elementor-widget elementor-widget-text-editor\" data-id=\"fe8eef0\" data-element_type=\"widget\" data-widget_type=\"text-editor.default\">\n\t\t\t\t<div class=\"elementor-widget-container\">\n\t\t\t\t\t\t\t\t\t<p>Formez-vous et avancez avec s\u00e9r\u00e9nit\u00e9<\/p>\t\t\t\t\t\t\t\t<\/div>\n\t\t\t\t<\/div>\n\t\t\t\t<\/div>\n\t\t<div class=\"elementor-element elementor-element-e68b783 e-con-full e-flex e-con e-child\" data-id=\"e68b783\" data-element_type=\"container\">\n\t\t\t\t<\/div>\n\t\t\t\t\t<\/div>\n\t\t\t\t<\/div>\n\t\t<div class=\"elementor-element elementor-element-e046deb e-flex e-con-boxed e-con e-parent\" data-id=\"e046deb\" data-element_type=\"container\" data-settings=\"{&quot;background_background&quot;:&quot;classic&quot;}\">\n\t\t\t\t\t<div class=\"e-con-inner\">\n\t\t<div class=\"elementor-element elementor-element-0685a3f e-con-full e-flex e-con e-child\" data-id=\"0685a3f\" data-element_type=\"container\" data-settings=\"{&quot;background_background&quot;:&quot;classic&quot;}\">\n\t\t\t\t<\/div>\n\t\t<div class=\"elementor-element elementor-element-0985b9d e-con-full e-flex e-con e-child\" data-id=\"0985b9d\" data-element_type=\"container\">\n\t\t\t\t<div class=\"elementor-element elementor-element-17bb8af elementor-widget__width-initial elementor-widget elementor-widget-text-editor\" data-id=\"17bb8af\" data-element_type=\"widget\" data-widget_type=\"text-editor.default\">\n\t\t\t\t<div class=\"elementor-widget-container\">\n\t\t\t\t\t\t\t\t\t<p>La formation est au c\u0153ur de notre vision. \u00c0 travers notre centre de formation <a href=\"http:\/\/klefamily.com\" target=\"_blank\" rel=\"noopener\"><strong data-start=\"365\" data-end=\"379\">KLE FAMILY<\/strong><\/a>, nous proposons des formations certifiantes en gestion, sant\u00e9, communication, \u00e9lectricit\u00e9 et m\u00e9tiers techniques. Nos programmes sont adapt\u00e9s aux besoins du terrain et con\u00e7us pour favoriser l\u2019insertion professionnelle.<\/p>\t\t\t\t\t\t\t\t<\/div>\n\t\t\t\t<\/div>\n\t\t\t\t<div class=\"elementor-element elementor-element-9974bf3 elementor-align-center elementor-widget elementor-widget-button\" data-id=\"9974bf3\" data-element_type=\"widget\" data-widget_type=\"button.default\">\n\t\t\t\t<div class=\"elementor-widget-container\">\n\t\t\t\t\t\t\t\t\t<div class=\"elementor-button-wrapper\">\n\t\t\t\t\t<a class=\"elementor-button elementor-button-link elementor-size-sm\" href=\"http:\/\/klefamily.com%20\" target=\"_blank\">\n\t\t\t\t\t\t<span class=\"elementor-button-content-wrapper\">\n\t\t\t\t\t\t\t\t\t<span class=\"elementor-button-text\">Rejoignez-nous <\/span>\n\t\t\t\t\t<\/span>\n\t\t\t\t\t<\/a>\n\t\t\t\t<\/div>\n\t\t\t\t\t\t\t\t<\/div>\n\t\t\t\t<\/div>\n\t\t\t\t<\/div>\n\t\t\t\t\t<\/div>\n\t\t\t\t<\/div>\n\t\t<div class=\"elementor-element elementor-element-272c7ec e-con-full e-flex e-con e-parent\" data-id=\"272c7ec\" data-element_type=\"container\" data-settings=\"{&quot;background_background&quot;:&quot;classic&quot;}\">\n\t\t\t\t<div class=\"elementor-element elementor-element-58a7d15 elementor-cta--skin-cover elementor-animated-content elementor-bg-transform elementor-bg-transform-zoom-in elementor-widget elementor-widget-call-to-action\" data-id=\"58a7d15\" data-element_type=\"widget\" data-widget_type=\"call-to-action.default\">\n\t\t\t\t<div class=\"elementor-widget-container\">\n\t\t\t\t\t\t\t<div class=\"elementor-cta\">\n\t\t\t\t\t<div class=\"elementor-cta__bg-wrapper\">\n\t\t\t\t<div class=\"elementor-cta__bg elementor-bg\" style=\"background-image: url(https:\/\/mluwyn6dqnjn.i.optimole.com\/w:1024\/h:617\/q:mauto\/ig:avif\/https:\/\/testplateformebj.com\/max\/gmb\/wp-content\/uploads\/2021\/08\/news-04.jpg.webp);\" role=\"img\" aria-label=\"news-04.jpg\"><\/div>\n\t\t\t\t<div class=\"elementor-cta__bg-overlay\"><\/div>\n\t\t\t<\/div>\n\t\t\t\t\t\t\t<div class=\"elementor-cta__content\">\n\t\t\t\t\n\t\t\t\t\t\t\t\t\t<h2 class=\"elementor-cta__title elementor-cta__content-item elementor-content-item elementor-animated-item--grow\">\n\t\t\t\t\t\tBesoin d\u2019une solution sur mesure\u202f?\t\t\t\t\t<\/h2>\n\t\t\t\t\n\t\t\t\t\t\t\t\t\t<div class=\"elementor-cta__description elementor-cta__content-item elementor-content-item elementor-animated-item--grow\">\n\t\t\t\t\t\tContactez-nous pour une \u00e9valuation gratuite\t\t\t\t\t<\/div>\n\t\t\t\t\n\t\t\t\t\t\t\t\t\t<div class=\"elementor-cta__button-wrapper elementor-cta__content-item elementor-content-item elementor-animated-item--grow\">\n\t\t\t\t\t<a class=\"elementor-cta__button elementor-button elementor-size-\" href=\"https:\/\/testplateformebj.com\/max\/gmb\/contact\/\">\n\t\t\t\t\t\tContactez-nous\t\t\t\t\t<\/a>\n\t\t\t\t\t<\/div>\n\t\t\t\t\t\t\t<\/div>\n\t\t\t\t\t\t<\/div>\n\t\t\t\t\t\t<\/div>\n\t\t\t\t<\/div>\n\t\t\t\t<\/div>\n\t\t\t\t<\/div>\n\t\t","protected":false},"excerpt":{"rendered":"<p>Formations, conseil et assistance Formez-vous et avancez avec s\u00e9r\u00e9nit\u00e9 La formation est au c\u0153ur de notre vision. \u00c0 travers notre centre de formation KLE FAMILY, nous proposons des formations certifiantes en gestion, sant\u00e9, communication, \u00e9lectricit\u00e9 et m\u00e9tiers techniques. Nos programmes sont adapt\u00e9s aux besoins du terrain et con\u00e7us pour favoriser<\/p>\n","protected":false},"author":1,"featured_media":0,"parent":0,"menu_order":0,"comment_status":"closed","ping_status":"closed","template":"","meta":{"_acf_changed":false,"om_disable_all_campaigns":false,"_monsterinsights_skip_tracking":false,"_monsterinsights_sitenote_active":false,"_monsterinsights_sitenote_note":"","_monsterinsights_sitenote_category":0,"_uf_show_specific_survey":0,"_uf_disable_surveys":false,"footnotes":""},"class_list":["post-5019","page","type-page","status-publish","hentry"],"aioseo_notices":[],"acf":[],"jetpack_sharing_enabled":true,"_links":{"self":[{"href":"https:\/\/testplateformebj.com\/max\/gmb\/wp-json\/wp\/v2\/pages\/5019","targetHints":{"allow":["GET"]}}],"collection":[{"href":"https:\/\/testplateformebj.com\/max\/gmb\/wp-json\/wp\/v2\/pages"}],"about":[{"href":"https:\/\/testplateformebj.com\/max\/gmb\/wp-json\/wp\/v2\/types\/page"}],"author":[{"embeddable":true,"href":"https:\/\/testplateformebj.com\/max\/gmb\/wp-json\/wp\/v2\/users\/1"}],"replies":[{"embeddable":true,"href":"https:\/\/testplateformebj.com\/max\/gmb\/wp-json\/wp\/v2\/comments?post=5019"}],"version-history":[{"count":22,"href":"https:\/\/testplateformebj.com\/max\/gmb\/wp-json\/wp\/v2\/pages\/5019\/revisions"}],"predecessor-version":[{"id":5190,"href":"https:\/\/testplateformebj.com\/max\/gmb\/wp-json\/wp\/v2\/pages\/5019\/revisions\/5190"}],"wp:attachment":[{"href":"https:\/\/testplateformebj.com\/max\/gmb\/wp-json\/wp\/v2\/media?parent=5019"}],"curies":[{"name":"wp","href":"https:\/\/api.w.org\/{rel}","templated":true}]}}